{"id":87,"date":"2016-07-19T12:01:23","date_gmt":"2016-07-19T10:01:23","guid":{"rendered":"https:\/\/www.logicalgolf.com\/product\/teaching-bag\/"},"modified":"2025-10-28T12:55:40","modified_gmt":"2025-10-28T11:55:40","slug":"teaching-bag","status":"publish","type":"product","link":"https:\/\/www.logicalgolf.com\/de\/shop\/training-aids\/teaching-bag\/","title":{"rendered":"Teacher Edition Bag"},"content":{"rendered":"<div class=\"wpb-content-wrapper\"><p>[vc_row el_class=&#8220;wcshop-video&#8220;][vc_column][vc_video link=&#8220;https:\/\/vimeo.com\/253751100\/2b73a3e045&#8243; align=&#8220;center&#8220;][\/vc_column][\/vc_row][vc_row el_class=&#8220;wcshop-details&#8220;][vc_column][vc_column_text]More Details[\/vc_column_text][vc_row_inner][vc_column_inner width=&#8220;1\/3&#8243;][vc_single_image image=&#8220;1185&#8243; img_size=&#8220;medium&#8220; alignment=&#8220;center&#8220;][\/vc_column_inner][vc_column_inner width=&#8220;2\/3&#8243;][vc_column_text]<\/p>\n<h3><strong>Logicalblock<\/strong><\/h3>\n<p>Target Training Area: Full Swing , Short Game<\/p>\n<p>Logicalblock ist das ultimative Tool f\u00fcr Slicer. Der Weg von Innen an den Ball wird klar visualisiert und erzwungen, w\u00e4hrend auch ein Fehlschlag durch geringes Gewicht und flexibles Material verletzungsfrei m\u00f6glich ist. Auch im kurzen Spiel l\u00e4sst sich Logicalblock als Ausrichtungshilfe und F\u00fchrung perfekt einbinden.[\/vc_column_text][\/vc_column_inner][\/vc_row_inner][vc_row_inner][vc_column_inner width=&#8220;1\/3&#8243;][vc_single_image image=&#8220;2016&#8243; img_size=&#8220;medium&#8220; alignment=&#8220;center&#8220;][\/vc_column_inner][vc_column_inner width=&#8220;2\/3&#8243;][vc_column_text]<\/p>\n<h3><strong>Logicalplane<\/strong><\/h3>\n<p>Target Training Area: Full Swing<\/p>\n<p>Logicalplane ist das ideale Trainingstool, um ein komplettes Bild der perfekten Schwungbewegung zu erlangen.<br \/>\nDer Hammer schult die Bewegung der Handgelenke im Treffmoment und hilft besonders Slice-Spielern und denen, die nach einem explosiveren Schwung und geradem Ballflug suchen.<br \/>\nDas Flugzeug visualisiert die korrekte Bewegung der Arme. Es erm\u00f6glicht Golfern aller Leistungsklassen eine schnelle Kontrolle und vermittelt in Sekunden, wie sich die optimale Bewegung anf\u00fchlt.<\/p>\n<p>Die Montage ist einfach und schnell, Logicalplane wird \u00fcber das Griffende eines Schl\u00e4gers geschoben und mit Hilfe der elastischen B\u00e4nder am Schaft fixiert.[\/vc_column_text][\/vc_column_inner][\/vc_row_inner][vc_row_inner][vc_column_inner width=&#8220;1\/3&#8243;][vc_single_image image=&#8220;3947&#8243; img_size=&#8220;medium&#8220; alignment=&#8220;center&#8220;][\/vc_column_inner][vc_column_inner width=&#8220;2\/3&#8243;][vc_column_text]<\/p>\n<h3><strong>Logicalracket<\/strong><\/h3>\n<p>Target Training Area: Full Swing , Short Game (Grip, Release)<\/p>\n<p>Die kontrollierte Bewegung des Schl\u00e4gerblattes, das \u00d6ffnen und Schlie\u00dfen, wird mit Logicalracket sichtbar. In Folge dessen werden auch Flugkurven wie Fade und Draw mit diesem Tool leicht verst\u00e4ndlich und trainierbar.<\/p>\n<p>Auch im kurzen Spiel wird der Release des Schl\u00e4gerkopfes demonstriert und der Sch\u00fcler versteht die Zusammenh\u00e4nge im Treffmoment.<\/p>\n<p>Der Trainingsgriff sorgt daf\u00fcr, dass auch bei diesen \u00dcbungen der korrekte Griff garantiert ist \u2013 die Basis f\u00fcr konstante Schl\u00e4ge.[\/vc_column_text][\/vc_column_inner][\/vc_row_inner][vc_row_inner][vc_column_inner width=&#8220;1\/3&#8243;][vc_single_image image=&#8220;1181&#8243; img_size=&#8220;medium&#8220; alignment=&#8220;center&#8220;][\/vc_column_inner][vc_column_inner width=&#8220;2\/3&#8243;][vc_column_text]<\/p>\n<h3><strong>Logicalbrace (S, M, L)<\/strong><\/h3>\n<p>Target Training Area: Full Swing (Pivot &amp; Lower Body Movement)<\/p>\n<p>Logicalbrace gibt es in drei unterschiedlichen Gr\u00f6\u00dfen (S, M, L). So k\u00f6nnen Knie und Ellenbogen mit\u00a0unseren Logicalresistance Produkten oder einem vergleichbaren Seilzugsystem verbunden werden.<\/p>\n<p>Die Logicalbraces helfen beim Training eines kraftvollen und effizienten Schwungs.<\/p>\n<p>F\u00fcr die perfekte Kontrolle des Rumpfes ist die Bewegung des Knies der Schl\u00fcssel. Logicalbrace bietet die M\u00f6glichkeit, diese Bewegung gezielt zu sp\u00fcren und zu verbessern. Ebenso l\u00e4sst sich die korrekte Bahn des Ellenbogens, ein sp\u00e4ter Release und folglich der von Innen an den Ball kommende Schl\u00e4gerkopf schulen.[\/vc_column_text][\/vc_column_inner][\/vc_row_inner][vc_row_inner][vc_column_inner width=&#8220;1\/3&#8243;][vc_single_image image=&#8220;3930&#8243; img_size=&#8220;medium&#8220; alignment=&#8220;center&#8220;][\/vc_column_inner][vc_column_inner width=&#8220;2\/3&#8243;][vc_column_text]<\/p>\n<h3><strong>Logicalpivot<\/strong><\/h3>\n<p>Target Training Area: Full Swing (Pivot &amp; Lower Body Movement)<\/p>\n<p>Logicalpivot hilft dabei, die Dynamik und Geschwindigkeit der Drehbewegung zu verbessern und dabei den Kopf zu stabilisieren. Der komplette Bewegungsablauf des Unterk\u00f6rpers wird f\u00fchlbar, der Aufbau von unten nach oben \u00fcber Fu\u00dfgelenke, Knie und H\u00fcfte wird verst\u00e4ndlich.[\/vc_column_text][\/vc_column_inner][\/vc_row_inner][vc_row_inner][vc_column_inner width=&#8220;1\/3&#8243;][vc_single_image image=&#8220;1127&#8243; img_size=&#8220;medium&#8220; alignment=&#8220;center&#8220;][\/vc_column_inner][vc_column_inner width=&#8220;2\/3&#8243;][vc_column_text]<\/p>\n<h3><strong>Logicalgrip (RH, LH)<\/strong><\/h3>\n<p>Target Training Area: Full Swing, Short Game<\/p>\n<p>Logicalgrip vermittelt das Gef\u00fchl eines sp\u00e4ten Release und eines von Innen kommenden Schl\u00e4gerkopfes.<\/p>\n<p>Der vorgeformte Griff sorgt f\u00fcr den richtigen Kontakt zu Logicalgrip und somit werden die golfrelevanten Muskeln intensiv angesprochen. Verbunden mit unseren Logicalresistance Produkten\u00a0oder einem vergleichbaren Seilzugsystem\u00a0erm\u00f6glicht dieses Tool jedem Golfer, seine Kraftentfaltung zu optimieren. Besonders Slicer werden von Logicalgrip profitieren.[\/vc_column_text][\/vc_column_inner][\/vc_row_inner][vc_row_inner][vc_column_inner width=&#8220;1\/3&#8243;][vc_single_image image=&#8220;3949&#8243; img_size=&#8220;medium&#8220; alignment=&#8220;center&#8220;][\/vc_column_inner][vc_column_inner width=&#8220;2\/3&#8243;][vc_column_text]<\/p>\n<h3><strong>Logicalgrip BS (RH, LH)<\/strong><\/h3>\n<p>Target Training Area: Full Swing<\/p>\n<p>Logicalgrip BS erm\u00f6glicht das Training eines stabilen und ausbalancierten R\u00fcckschwungs.<\/p>\n<p>Der vorgeformte Griff sorgt f\u00fcr den richtigen Kontakt zu Logicalgrip BS und somit werden die golfrelevanten Muskeln intensiv angesprochen. Verbunden mit unseren Logicalresistance Produkten\u00a0oder einem vergleichbaren Seilzugsystem\u00a0optimiert Logicalgrip BS den Schwungradius und die Einleitung eines dynamischen Golfschwungs.[\/vc_column_text][\/vc_column_inner][\/vc_row_inner][vc_row_inner][vc_column_inner width=&#8220;1\/3&#8243;][vc_single_image image=&#8220;2014&#8243; img_size=&#8220;medium&#8220; alignment=&#8220;center&#8220;][\/vc_column_inner][vc_column_inner width=&#8220;2\/3&#8243;][vc_column_text]<\/p>\n<h3><strong>Logicalresistance BASIC<\/strong><\/h3>\n<p>Target Training Area: Full Swing, Short Game<\/p>\n<p>Logicalresistance BASIC ist ein Set aus vier Elastikb\u00e4ndern, einem T\u00fcranker und zwei Sicherheitskarabinern. An einer T\u00fcr befestigt ist Logicalresistance BASIC\u00a0die mobile Variante, um auch unterwegs\u00a0mit einigen unserer Logicalaccessories\u00a0trainieren zu k\u00f6nnen.[\/vc_column_text][\/vc_column_inner][\/vc_row_inner][vc_row_inner][vc_column_inner width=&#8220;1\/3&#8243;][vc_single_image image=&#8220;3938&#8243; img_size=&#8220;medium&#8220; alignment=&#8220;center&#8220;][\/vc_column_inner][vc_column_inner width=&#8220;2\/3&#8243;][vc_column_text]<\/p>\n<h3><strong>Logicalarrow<\/strong><\/h3>\n<p>Target Training Area: Full Swing , Short Game (Visual Enhancement)<\/p>\n<p>Pr\u00e4zise Bewegungen, insbesondere Geschwindigkeit und Richtung k\u00f6nnen mit den Logicalarrow Aufklebern anschaulich demonstriert werden. Gerade in Gruppenkursen helfen die universellen Sticker, den Fokus auf bestimmte Bewegungen zu lenken und diese sichtbar zu machen.[\/vc_column_text][\/vc_column_inner][\/vc_row_inner][vc_row_inner][vc_column_inner width=&#8220;1\/3&#8243;][vc_single_image image=&#8220;3876&#8243; img_size=&#8220;medium&#8220; alignment=&#8220;center&#8220;][\/vc_column_inner][vc_column_inner width=&#8220;2\/3&#8243;][vc_column_text]<\/p>\n<h3><strong>Logicalstick<\/strong><\/h3>\n<p>Target Training Area: Full Swing, Short Game<\/p>\n<p>Logicalstick ist ein Set aus drei St\u00e4ben, die zu unterschiedlichen Zwecken genutzt werden k\u00f6nnen. Sowohl im kurzen, als auch im langen Spiel k\u00f6nnen Ballposition, Ausrichtung und Bewegungen kontrolliert und verbessert werden.[\/vc_column_text][\/vc_column_inner][\/vc_row_inner][vc_row_inner][vc_column_inner width=&#8220;1\/3&#8243;][vc_single_image image=&#8220;2146&#8243; img_size=&#8220;medium&#8220; alignment=&#8220;center&#8220;][\/vc_column_inner][vc_column_inner width=&#8220;2\/3&#8243;][vc_column_text]<\/p>\n<h3><strong>Logicalextension SET<\/strong><\/h3>\n<p>Target Training Area: Full Swing (Power &amp; Torque)<\/p>\n<p>Logicalextension f\u00f6rdert das Gleichgewicht und trainiert die korrekte K\u00f6rperdrehung. Der Spannungsaufbau im R\u00fcckschwung und explosive Kraftentfaltung im Durchschwung sind die Kernbereiche dieses Trainingstools.<\/p>\n<p>Das Set beinhaltet drei unterschiedliche Adapter zum trainieren von:<\/p>\n<p>1) Geschwindigkeit der H\u00fcftdrehung<br \/>\n2) Schl\u00e4gerkopf von innen an den Ball \/ Gef\u00fchl im Treffmoment<br \/>\n3) Kraft und Muskelged\u00e4chtnis<\/p>\n<p>Mit dem Fitnessadapter wird Logicalextension an eine beliebige Art Widerstand angeschlossen, um die Muskulatur golfspezifisch zu schulen. Dieses Training funktioniert sowohl mit\u00a0g\u00e4ngigen Seilzugger\u00e4ten als auch mit unseren Logicalresistance Produkten.[\/vc_column_text][\/vc_column_inner][\/vc_row_inner][\/vc_column][\/vc_row][vc_row el_class=&#8220;wcshop-targets&#8220;][vc_column][vc_column_text]Target Training Area[\/vc_column_text][vc_row_inner][vc_column_inner width=&#8220;1\/4&#8243;][vc_pie value=&#8220;100&#8243; label_value=&#8220;100&#8243; color=&#8220;#9d9d9c&#8220; color_mode=&#8220;custom&#8220; title=&#8220;Power&#8220; el_class=&#8220;target-power&#8220;][\/vc_column_inner][vc_column_inner width=&#8220;1\/4&#8243;][vc_pie value=&#8220;100&#8243; label_value=&#8220;100&#8243; color=&#8220;#8aacbf&#8220; color_mode=&#8220;custom&#8220; title=&#8220;Coordination&#8220; el_class=&#8220;target-coordination&#8220;][\/vc_column_inner][vc_column_inner width=&#8220;1\/4&#8243;][vc_pie value=&#8220;100&#8243; label_value=&#8220;100&#8243; color=&#8220;#8ebf8a&#8220; color_mode=&#8220;custom&#8220; title=&#8220;Short Game&#8220; el_class=&#8220;target-shortgame&#8220;][\/vc_column_inner][vc_column_inner width=&#8220;1\/4&#8243;][vc_pie value=&#8220;100&#8243; label_value=&#8220;100&#8243; color=&#8220;#a98abf&#8220; color_mode=&#8220;custom&#8220; title=&#8220;Straight Shots&#8220; el_class=&#8220;target-straightshots&#8220;][\/vc_column_inner][\/vc_row_inner][\/vc_column][\/vc_row]<\/p>\n<\/div>","protected":false},"excerpt":{"rendered":"<p>Das\u00a0gepolsterte Bag f\u00fcr den Golf Professional. Eine Auswahl der Logicalgolf Training\u00a0Aids und einige zus\u00e4tzliche Tools liefern dem Golflehrer eine umfassende Unterst\u00fctzung f\u00fcr seinen Unterricht.<\/p>\n<p>Alle Tools helfen dabei, die wichtigen Bewegungen des Golfschwungs zu visualisieren und begreifbar zu machen.<\/p>\n<p>Zus\u00e4tzlich sind einige Trainingshilfen enthalten, die dem Golfer zusammen mit Logicalresistance BASIC (ebenfalls im Set) die M\u00f6glichkeit geben, Bewegungen zu f\u00fchlen und somit einen Lernprozess zu vereinfachen.<\/p>\n","protected":false},"featured_media":4068,"comment_status":"closed","ping_status":"closed","template":"","meta":{"_acf_changed":false},"product_brand":[],"product_cat":[28],"product_tag":[100,120,127],"class_list":{"0":"post-87","1":"product","2":"type-product","3":"status-publish","4":"has-post-thumbnail","6":"product_cat-training-aids","7":"product_tag-on-demand","8":"product_tag-show-america","9":"product_tag-startpage","10":"product_shipping_class-logicalaccessories","12":"first","13":"instock","14":"taxable","15":"shipping-taxable","16":"purchasable","17":"product-type-simple"},"acf":[],"yoast_head":"<!-- This site is optimized with the Yoast SEO plugin v26.5 - https:\/\/yoast.com\/wordpress\/plugins\/seo\/ -->\n<title>Teacher Edition Bag - Logical Golf<\/title>\n<meta name=\"robots\" content=\"index, follow, max-snippet:-1, max-image-preview:large, max-video-preview:-1\" \/>\n<link rel=\"canonical\" href=\"https:\/\/www.logicalgolf.com\/de\/shop\/training-aids\/teaching-bag\/\" \/>\n<meta property=\"og:locale\" content=\"de_DE\" \/>\n<meta property=\"og:type\" content=\"article\" \/>\n<meta property=\"og:title\" content=\"Teacher Edition Bag - Logical Golf\" \/>\n<meta property=\"og:description\" content=\"Das\u00a0gepolsterte Bag f\u00fcr den Golf Professional. Eine Auswahl der Logicalgolf Training\u00a0Aids und einige zus\u00e4tzliche Tools liefern dem Golflehrer eine umfassende Unterst\u00fctzung f\u00fcr seinen Unterricht.  Alle Tools helfen dabei, die wichtigen Bewegungen des Golfschwungs zu visualisieren und begreifbar zu machen.  Zus\u00e4tzlich sind einige Trainingshilfen enthalten, die dem Golfer zusammen mit Logicalresistance BASIC (ebenfalls im Set) die M\u00f6glichkeit geben, Bewegungen zu f\u00fchlen und somit einen Lernprozess zu vereinfachen.\" \/>\n<meta property=\"og:url\" content=\"https:\/\/www.logicalgolf.com\/de\/shop\/training-aids\/teaching-bag\/\" \/>\n<meta property=\"og:site_name\" content=\"Logical Golf\" \/>\n<meta property=\"article:publisher\" content=\"https:\/\/www.facebook.com\/logicalgolf.europe\" \/>\n<meta property=\"article:modified_time\" content=\"2025-10-28T11:55:40+00:00\" \/>\n<meta property=\"og:image\" content=\"https:\/\/www.logicalgolf.com\/wp-content\/uploads\/TEACHER-EDITION-offen-scaled.jpg\" \/>\n\t<meta property=\"og:image:width\" content=\"2560\" \/>\n\t<meta property=\"og:image:height\" content=\"2560\" \/>\n\t<meta property=\"og:image:type\" content=\"image\/jpeg\" \/>\n<meta name=\"twitter:card\" content=\"summary_large_image\" \/>\n<meta name=\"twitter:site\" content=\"@logicalgolf\" \/>\n<meta name=\"twitter:label1\" content=\"Gesch\u00e4tzte Lesezeit\" \/>\n\t<meta name=\"twitter:data1\" content=\"7\u00a0Minuten\" \/>\n<script type=\"application\/ld+json\" class=\"yoast-schema-graph\">{\"@context\":\"https:\/\/schema.org\",\"@graph\":[{\"@type\":\"WebPage\",\"@id\":\"https:\/\/www.logicalgolf.com\/de\/shop\/training-aids\/teaching-bag\/\",\"url\":\"https:\/\/www.logicalgolf.com\/de\/shop\/training-aids\/teaching-bag\/\",\"name\":\"Teacher Edition Bag - Logical Golf\",\"isPartOf\":{\"@id\":\"https:\/\/www.logicalgolf.com\/#website\"},\"primaryImageOfPage\":{\"@id\":\"https:\/\/www.logicalgolf.com\/de\/shop\/training-aids\/teaching-bag\/#primaryimage\"},\"image\":{\"@id\":\"https:\/\/www.logicalgolf.com\/de\/shop\/training-aids\/teaching-bag\/#primaryimage\"},\"thumbnailUrl\":\"https:\/\/www.logicalgolf.com\/wp-content\/uploads\/TEACHER-EDITION-offen-scaled.jpg\",\"datePublished\":\"2016-07-19T10:01:23+00:00\",\"dateModified\":\"2025-10-28T11:55:40+00:00\",\"breadcrumb\":{\"@id\":\"https:\/\/www.logicalgolf.com\/de\/shop\/training-aids\/teaching-bag\/#breadcrumb\"},\"inLanguage\":\"de\",\"potentialAction\":[{\"@type\":\"ReadAction\",\"target\":[\"https:\/\/www.logicalgolf.com\/de\/shop\/training-aids\/teaching-bag\/\"]}]},{\"@type\":\"ImageObject\",\"inLanguage\":\"de\",\"@id\":\"https:\/\/www.logicalgolf.com\/de\/shop\/training-aids\/teaching-bag\/#primaryimage\",\"url\":\"https:\/\/www.logicalgolf.com\/wp-content\/uploads\/TEACHER-EDITION-offen-scaled.jpg\",\"contentUrl\":\"https:\/\/www.logicalgolf.com\/wp-content\/uploads\/TEACHER-EDITION-offen-scaled.jpg\",\"width\":2560,\"height\":2560},{\"@type\":\"BreadcrumbList\",\"@id\":\"https:\/\/www.logicalgolf.com\/de\/shop\/training-aids\/teaching-bag\/#breadcrumb\",\"itemListElement\":[{\"@type\":\"ListItem\",\"position\":1,\"name\":\"Home\",\"item\":\"https:\/\/www.logicalgolf.com\/de\/\"},{\"@type\":\"ListItem\",\"position\":2,\"name\":\"Shop\",\"item\":\"https:\/\/www.logicalgolf.com\/de\/shop\/\"},{\"@type\":\"ListItem\",\"position\":3,\"name\":\"Teacher Edition Bag\"}]},{\"@type\":\"WebSite\",\"@id\":\"https:\/\/www.logicalgolf.com\/#website\",\"url\":\"https:\/\/www.logicalgolf.com\/\",\"name\":\"Logical Golf\",\"description\":\"Bridging the Gap between Golf and Fitness\",\"publisher\":{\"@id\":\"https:\/\/www.logicalgolf.com\/#organization\"},\"potentialAction\":[{\"@type\":\"SearchAction\",\"target\":{\"@type\":\"EntryPoint\",\"urlTemplate\":\"https:\/\/www.logicalgolf.com\/?s={search_term_string}\"},\"query-input\":{\"@type\":\"PropertyValueSpecification\",\"valueRequired\":true,\"valueName\":\"search_term_string\"}}],\"inLanguage\":\"de\"},{\"@type\":\"Organization\",\"@id\":\"https:\/\/www.logicalgolf.com\/#organization\",\"name\":\"Logicalgolf\",\"url\":\"https:\/\/www.logicalgolf.com\/\",\"logo\":{\"@type\":\"ImageObject\",\"inLanguage\":\"de\",\"@id\":\"https:\/\/www.logicalgolf.com\/#\/schema\/logo\/image\/\",\"url\":\"https:\/\/www.logicalgolf.com\/wp-content\/uploads\/logicalgolf-logo-boxed.png\",\"contentUrl\":\"https:\/\/www.logicalgolf.com\/wp-content\/uploads\/logicalgolf-logo-boxed.png\",\"width\":900,\"height\":190,\"caption\":\"Logicalgolf\"},\"image\":{\"@id\":\"https:\/\/www.logicalgolf.com\/#\/schema\/logo\/image\/\"},\"sameAs\":[\"https:\/\/www.facebook.com\/logicalgolf.europe\",\"https:\/\/x.com\/logicalgolf\",\"https:\/\/www.instagram.com\/logicalgolf.official\",\"https:\/\/www.youtube.com\/user\/logicalgolf\"]}]}<\/script>\n<!-- \/ Yoast SEO plugin. -->","yoast_head_json":{"title":"Teacher Edition Bag - Logical Golf","robots":{"index":"index","follow":"follow","max-snippet":"max-snippet:-1","max-image-preview":"max-image-preview:large","max-video-preview":"max-video-preview:-1"},"canonical":"https:\/\/www.logicalgolf.com\/de\/shop\/training-aids\/teaching-bag\/","og_locale":"de_DE","og_type":"article","og_title":"Teacher Edition Bag - Logical Golf","og_description":"Das\u00a0gepolsterte Bag f\u00fcr den Golf Professional. Eine Auswahl der Logicalgolf Training\u00a0Aids und einige zus\u00e4tzliche Tools liefern dem Golflehrer eine umfassende Unterst\u00fctzung f\u00fcr seinen Unterricht.  Alle Tools helfen dabei, die wichtigen Bewegungen des Golfschwungs zu visualisieren und begreifbar zu machen.  Zus\u00e4tzlich sind einige Trainingshilfen enthalten, die dem Golfer zusammen mit Logicalresistance BASIC (ebenfalls im Set) die M\u00f6glichkeit geben, Bewegungen zu f\u00fchlen und somit einen Lernprozess zu vereinfachen.","og_url":"https:\/\/www.logicalgolf.com\/de\/shop\/training-aids\/teaching-bag\/","og_site_name":"Logical Golf","article_publisher":"https:\/\/www.facebook.com\/logicalgolf.europe","article_modified_time":"2025-10-28T11:55:40+00:00","og_image":[{"width":2560,"height":2560,"url":"https:\/\/www.logicalgolf.com\/wp-content\/uploads\/TEACHER-EDITION-offen-scaled.jpg","type":"image\/jpeg"}],"twitter_card":"summary_large_image","twitter_site":"@logicalgolf","twitter_misc":{"Gesch\u00e4tzte Lesezeit":"7\u00a0Minuten"},"schema":{"@context":"https:\/\/schema.org","@graph":[{"@type":"WebPage","@id":"https:\/\/www.logicalgolf.com\/de\/shop\/training-aids\/teaching-bag\/","url":"https:\/\/www.logicalgolf.com\/de\/shop\/training-aids\/teaching-bag\/","name":"Teacher Edition Bag - Logical Golf","isPartOf":{"@id":"https:\/\/www.logicalgolf.com\/#website"},"primaryImageOfPage":{"@id":"https:\/\/www.logicalgolf.com\/de\/shop\/training-aids\/teaching-bag\/#primaryimage"},"image":{"@id":"https:\/\/www.logicalgolf.com\/de\/shop\/training-aids\/teaching-bag\/#primaryimage"},"thumbnailUrl":"https:\/\/www.logicalgolf.com\/wp-content\/uploads\/TEACHER-EDITION-offen-scaled.jpg","datePublished":"2016-07-19T10:01:23+00:00","dateModified":"2025-10-28T11:55:40+00:00","breadcrumb":{"@id":"https:\/\/www.logicalgolf.com\/de\/shop\/training-aids\/teaching-bag\/#breadcrumb"},"inLanguage":"de","potentialAction":[{"@type":"ReadAction","target":["https:\/\/www.logicalgolf.com\/de\/shop\/training-aids\/teaching-bag\/"]}]},{"@type":"ImageObject","inLanguage":"de","@id":"https:\/\/www.logicalgolf.com\/de\/shop\/training-aids\/teaching-bag\/#primaryimage","url":"https:\/\/www.logicalgolf.com\/wp-content\/uploads\/TEACHER-EDITION-offen-scaled.jpg","contentUrl":"https:\/\/www.logicalgolf.com\/wp-content\/uploads\/TEACHER-EDITION-offen-scaled.jpg","width":2560,"height":2560},{"@type":"BreadcrumbList","@id":"https:\/\/www.logicalgolf.com\/de\/shop\/training-aids\/teaching-bag\/#breadcrumb","itemListElement":[{"@type":"ListItem","position":1,"name":"Home","item":"https:\/\/www.logicalgolf.com\/de\/"},{"@type":"ListItem","position":2,"name":"Shop","item":"https:\/\/www.logicalgolf.com\/de\/shop\/"},{"@type":"ListItem","position":3,"name":"Teacher Edition Bag"}]},{"@type":"WebSite","@id":"https:\/\/www.logicalgolf.com\/#website","url":"https:\/\/www.logicalgolf.com\/","name":"Logical Golf","description":"Bridging the Gap between Golf and Fitness","publisher":{"@id":"https:\/\/www.logicalgolf.com\/#organization"},"potentialAction":[{"@type":"SearchAction","target":{"@type":"EntryPoint","urlTemplate":"https:\/\/www.logicalgolf.com\/?s={search_term_string}"},"query-input":{"@type":"PropertyValueSpecification","valueRequired":true,"valueName":"search_term_string"}}],"inLanguage":"de"},{"@type":"Organization","@id":"https:\/\/www.logicalgolf.com\/#organization","name":"Logicalgolf","url":"https:\/\/www.logicalgolf.com\/","logo":{"@type":"ImageObject","inLanguage":"de","@id":"https:\/\/www.logicalgolf.com\/#\/schema\/logo\/image\/","url":"https:\/\/www.logicalgolf.com\/wp-content\/uploads\/logicalgolf-logo-boxed.png","contentUrl":"https:\/\/www.logicalgolf.com\/wp-content\/uploads\/logicalgolf-logo-boxed.png","width":900,"height":190,"caption":"Logicalgolf"},"image":{"@id":"https:\/\/www.logicalgolf.com\/#\/schema\/logo\/image\/"},"sameAs":["https:\/\/www.facebook.com\/logicalgolf.europe","https:\/\/x.com\/logicalgolf","https:\/\/www.instagram.com\/logicalgolf.official","https:\/\/www.youtube.com\/user\/logicalgolf"]}]}},"_links":{"self":[{"href":"https:\/\/www.logicalgolf.com\/de\/wp-json\/wp\/v2\/product\/87","targetHints":{"allow":["GET"]}}],"collection":[{"href":"https:\/\/www.logicalgolf.com\/de\/wp-json\/wp\/v2\/product"}],"about":[{"href":"https:\/\/www.logicalgolf.com\/de\/wp-json\/wp\/v2\/types\/product"}],"replies":[{"embeddable":true,"href":"https:\/\/www.logicalgolf.com\/de\/wp-json\/wp\/v2\/comments?post=87"}],"wp:featuredmedia":[{"embeddable":true,"href":"https:\/\/www.logicalgolf.com\/de\/wp-json\/wp\/v2\/media\/4068"}],"wp:attachment":[{"href":"https:\/\/www.logicalgolf.com\/de\/wp-json\/wp\/v2\/media?parent=87"}],"wp:term":[{"taxonomy":"product_brand","embeddable":true,"href":"https:\/\/www.logicalgolf.com\/de\/wp-json\/wp\/v2\/product_brand?post=87"},{"taxonomy":"product_cat","embeddable":true,"href":"https:\/\/www.logicalgolf.com\/de\/wp-json\/wp\/v2\/product_cat?post=87"},{"taxonomy":"product_tag","embeddable":true,"href":"https:\/\/www.logicalgolf.com\/de\/wp-json\/wp\/v2\/product_tag?post=87"}],"curies":[{"name":"wp","href":"https:\/\/api.w.org\/{rel}","templated":true}]}}