{"id":862,"date":"2016-09-09T12:13:47","date_gmt":"2016-09-09T10:13:47","guid":{"rendered":"https:\/\/www.logicalgolf.com\/?post_type=product&#038;p=862"},"modified":"2021-12-14T11:30:42","modified_gmt":"2021-12-14T10:30:42","slug":"logicalaccessories-bag-complete-2","status":"publish","type":"product","link":"https:\/\/www.logicalgolf.com\/de\/shop\/logicalresistance\/logicalaccessories-bag-complete-2\/","title":{"rendered":"Resistance Edition Bag Kinesis"},"content":{"rendered":"<div class=\"wpb-content-wrapper\"><p>[vc_row el_class=&#8220;wcshop-video&#8220;][vc_column][vc_video link=&#8220;https:\/\/vimeo.com\/album\/4118592\/video\/180624961&#8243; align=&#8220;center&#8220;][\/vc_column][\/vc_row][vc_row el_class=&#8220;wcshop-details&#8220;][vc_column][vc_column_text]More Details[\/vc_column_text][vc_row_inner][vc_column_inner width=&#8220;1\/3&#8243;][vc_single_image image=&#8220;3997&#8243; img_size=&#8220;medium&#8220; alignment=&#8220;center&#8220;][\/vc_column_inner][vc_column_inner width=&#8220;2\/3&#8243;][vc_column_text]<\/p>\n<h3><strong>Logicalwrist<\/strong><\/h3>\n<p>Target Training Area: Full Swing, Chipping &amp; Putting ( Rotation &amp; Hinging )<\/p>\n<p>Logicalwrist ist dank komplexer dreidimensionaler Beweglichkeit in der Lage, die Rotation des Unterarms gepaart mit Handgelenksbewegungen und dem Release im Treffmoment zu schulen. Das Zusammenspiel von Armen und H\u00e4nden und ein \u201clate-release\u201d sind mit diesem Tool f\u00fchlbar zu erlernen und zu verbessern.<\/p>\n<p>Im kurzen Spiel vermittelt Logicalwrist die F\u00fchrungsrolle der H\u00e4nde, was dem Golfer zu solidem Ballkontakt und der Kontrolle des Spins verhilft.[\/vc_column_text][\/vc_column_inner][\/vc_row_inner][vc_row_inner][vc_column_inner width=&#8220;1\/3&#8243;][vc_single_image image=&#8220;3977&#8243; img_size=&#8220;medium&#8220; alignment=&#8220;center&#8220;][\/vc_column_inner][vc_column_inner width=&#8220;2\/3&#8243;][vc_column_text]<\/p>\n<h3><strong>Logicalextension\u00a0Hip<br \/>\n<\/strong><\/h3>\n<p>Target Training Area: Full Swing (Power Torque)<\/p>\n<p>Logicalextension Hip f\u00f6rdert das Gleichgewicht und trainiert die korrekte K\u00f6rperdrehung. Der Spannungsaufbau im R\u00fcckschwung und explosive Kraftentfaltung im Durchschwung sind die Kernbereiche dieses Trainingstools.[\/vc_column_text][\/vc_column_inner][\/vc_row_inner][vc_row_inner][vc_column_inner width=&#8220;1\/3&#8243;][vc_single_image image=&#8220;3979&#8243; img_size=&#8220;medium&#8220; alignment=&#8220;center&#8220;][\/vc_column_inner][vc_column_inner width=&#8220;2\/3&#8243;][vc_column_text]<\/p>\n<h3><strong>Logicalextension\u00a0Shoulder<br \/>\n<\/strong><\/h3>\n<p>Target Training Area: Full Swing ( Speed , Balance &amp; Positioning)<\/p>\n<p>Die perfekte Schulterdrehung im R\u00fcck- und Durchschwung in Verbindung mit einer stabilen Kopfposition, das sind die Kernbereiche dieses Tools. Dar\u00fcber hinaus lassen sich Dynamik und Balance im Treffmoment verbessern und insgesamt hilft Logicalextension Shoulder dabei, eine kompakte Position im Treffmoment zu erlangen.<\/p>\n<p>Ein \u201cover-the-top\u201d Golfschwung, fette oder d\u00fcnne Schl\u00e4ge, diese Fehler lassen sich mit der Logicalextension SHOULDER\u00a0sehr gut korrigieren und der Golfer sp\u00fcrt die richtige Bewegung.[\/vc_column_text][\/vc_column_inner][\/vc_row_inner][vc_row_inner][vc_column_inner width=&#8220;1\/3&#8243;][vc_single_image image=&#8220;3930&#8243; img_size=&#8220;medium&#8220; alignment=&#8220;center&#8220;][\/vc_column_inner][vc_column_inner width=&#8220;2\/3&#8243;][vc_column_text]<\/p>\n<h3><strong>Logicalpivot<\/strong><\/h3>\n<p>Target Training Area: Full Swing (Pivot &amp; Lower Body Movement)<\/p>\n<p>Logicalpivot hilft dabei, die Dynamik und Geschwindigkeit der Drehbewegung zu verbessern und dabei den Kopf zu stabilisieren. Der komplette Bewegungsablauf des Unterk\u00f6rpers wird f\u00fchlbar, der Aufbau von unten nach oben \u00fcber Fussgelenke, Knie und H\u00fcfte wird verst\u00e4ndlich.[\/vc_column_text][\/vc_column_inner][\/vc_row_inner][vc_row_inner][vc_column_inner width=&#8220;1\/3&#8243;][vc_single_image image=&#8220;1127&#8243; img_size=&#8220;medium&#8220; alignment=&#8220;center&#8220;][\/vc_column_inner][vc_column_inner width=&#8220;2\/3&#8243;][vc_column_text]<\/p>\n<h3><strong>Logicalgrip (RH, LH)<\/strong><\/h3>\n<p>Target Training Area: Full Swing, Short Game<\/p>\n<p>Logicalgrip vermittelt das Gef\u00fchl eines sp\u00e4ten Release und eines von Innen kommenden Schl\u00e4gerkopfes.<\/p>\n<p>Der vorgeformte Griff sorgt f\u00fcr den richtigen Kontakt zu Logicalgrip und somit werden die golfrelevanten Muskeln intensiv angesprochen. Verbunden mit\u00a0unseren Logicalresistance Produkten\u00a0oder einem vergleichbaren Seilzugsystem erm\u00f6glicht dieses Tool jedem Golfer, seine Kraftentfaltung zu optimieren. Besonders Slicer werden von Logicalgrip profitieren.[\/vc_column_text][\/vc_column_inner][\/vc_row_inner][vc_row_inner][vc_column_inner width=&#8220;1\/3&#8243;][vc_single_image image=&#8220;3949&#8243; img_size=&#8220;medium&#8220; alignment=&#8220;center&#8220;][\/vc_column_inner][vc_column_inner width=&#8220;2\/3&#8243;][vc_column_text]<\/p>\n<h3><strong>Logicalgrip BS (RH, LH)<\/strong><\/h3>\n<p>Target Training Area: Full Swing<\/p>\n<p>Logicalgrip BS erm\u00f6glicht das Training eines stabilen und ausbalancierten R\u00fcckschwungs.<\/p>\n<p>Der vorgeformte Griff sorgt f\u00fcr den richtigen Kontakt zu Logicalgrip BS und somit werden die golfrelevanten Muskeln intensiv angesprochen. Verbunden mit\u00a0unseren Logicalresistance Produkten\u00a0oder einem vergleichbaren Seilzugsystem optimiert Logicalgrip BS den Schwungradius und die Einleitung eines dynamischen Golfschwungs.[\/vc_column_text][\/vc_column_inner][\/vc_row_inner][vc_row_inner][vc_column_inner width=&#8220;1\/3&#8243;][vc_single_image image=&#8220;1181&#8243; img_size=&#8220;medium&#8220; alignment=&#8220;center&#8220;][\/vc_column_inner][vc_column_inner width=&#8220;2\/3&#8243;][vc_column_text]<\/p>\n<h3><strong>Logicalbrace (S, M, L)<\/strong><\/h3>\n<p>Target Training Area: Full Swing (Pivot &amp; Lower Body Movement)<\/p>\n<p>Logicalbrace gibt es in drei unterschiedlichen Gr\u00f6\u00dfen (S, M, L). So k\u00f6nnen Knie und Ellenbogen mit\u00a0unseren Logicalresistance Produkten oder einem vergleichbaren Seilzugsystem verbunden werden.<\/p>\n<p>Die logicalbraces helfen beim Training eines kraftvollen und effizienten Schwungs.<\/p>\n<p>F\u00fcr die perfekte Kontrolle des Rumpfes ist die Bewegung des Knies der Schl\u00fcssel. Logicalbrace bietet die M\u00f6glichkeit, diese Bewegung gezielt zu sp\u00fcren und zu verbessern. Ebenso l\u00e4sst sich die korrekte Bahn des Ellenbogens, ein sp\u00e4ter Release und folglich der von Innen an den Ball kommende Schl\u00e4gerkopf schulen.[\/vc_column_text][\/vc_column_inner][\/vc_row_inner][vc_row_inner][vc_column_inner width=&#8220;1\/3&#8243;][vc_single_image image=&#8220;3981&#8243; img_size=&#8220;medium&#8220; alignment=&#8220;center&#8220;][\/vc_column_inner][vc_column_inner width=&#8220;2\/3&#8243;][vc_column_text]<\/p>\n<h3><strong>Logicalbrace Shoulder<br \/>\n<\/strong><\/h3>\n<p>Target Training Area: Putting<\/p>\n<p>F\u00fcr konstant gute Putts sind ein stabiler Unterk\u00f6rper und eine gleichm\u00e4\u00dfige Bewegung des Oberk\u00f6rpers unerl\u00e4sslich. Logicalbrace Shoulder hilft dabei, genau diese Abl\u00e4ufe zu perfektionieren und eine solide Basis f\u00fcr erfolgreiches Putten zu schaffen.[\/vc_column_text][\/vc_column_inner][\/vc_row_inner][vc_row_inner][vc_column_inner width=&#8220;1\/3&#8243;][vc_single_image image=&#8220;1177&#8243; img_size=&#8220;medium&#8220; alignment=&#8220;center&#8220;][\/vc_column_inner][vc_column_inner width=&#8220;2\/3&#8243;][vc_column_text]<\/p>\n<h3><strong>Logicalaccessories\u00a0Basic DE Technogym Edition<\/strong><\/h3>\n<p>Logicalaccessories\u00a0Basic Technogym Edition\u00a0ist ein Paket aus 15 Videos mit allen Basis\u00fcbungen\u00a0der Logicalaccessories und Erk\u00e4rungen zur korrekten Ausf\u00fchrung.<br \/>\nVideos in deutscher\u00a0Sprache<\/p>\n<h3><\/h3>\n<p>[\/vc_column_text][\/vc_column_inner][\/vc_row_inner][\/vc_column][\/vc_row]<\/p>\n<\/div>","protected":false},"excerpt":{"rendered":"<p>Das Komplettset. Das vollst\u00e4ndig mit Schaum ausgekleidete Hardcover-Bag umfasst s\u00e4mtliche Resistance Edition Produkte.<\/p>\n<p>&nbsp;<\/p>\n<p><strong>INKLUSIVE:<\/strong>\u00a0Videopaket Resistance Edition Kinesis Video<\/p>\n<p>Zur Komplettierung des Bags ben\u00f6tigen Sie das Connection Set Kinesis.<\/p>\n","protected":false},"featured_media":2259,"comment_status":"closed","ping_status":"closed","template":"","meta":{"_acf_changed":false},"product_brand":[],"product_cat":[23],"product_tag":[100],"class_list":{"0":"post-862","1":"product","2":"type-product","3":"status-publish","4":"has-post-thumbnail","6":"product_cat-logicalresistance","7":"product_tag-on-demand","8":"product_shipping_class-logicalaccessories","10":"first","11":"instock","12":"taxable","13":"shipping-taxable","14":"purchasable","15":"product-type-simple"},"acf":[],"yoast_head":"<!-- This site is optimized with the Yoast SEO plugin v26.5 - https:\/\/yoast.com\/wordpress\/plugins\/seo\/ -->\n<title>Resistance Edition Bag Kinesis - Logical Golf<\/title>\n<meta name=\"robots\" content=\"index, follow, max-snippet:-1, max-image-preview:large, max-video-preview:-1\" \/>\n<link rel=\"canonical\" href=\"https:\/\/www.logicalgolf.com\/de\/shop\/logicalresistance\/logicalaccessories-bag-complete-2\/\" \/>\n<meta property=\"og:locale\" content=\"de_DE\" \/>\n<meta property=\"og:type\" content=\"article\" \/>\n<meta property=\"og:title\" content=\"Resistance Edition Bag Kinesis - Logical Golf\" \/>\n<meta property=\"og:description\" content=\"Das Komplettset. Das vollst\u00e4ndig mit Schaum ausgekleidete Hardcover-Bag umfasst s\u00e4mtliche Resistance Edition Produkte.  &nbsp;  INKLUSIVE:\u00a0Videopaket Resistance Edition Kinesis Video  Zur Komplettierung des Bags ben\u00f6tigen Sie das Connection Set Kinesis.\" \/>\n<meta property=\"og:url\" content=\"https:\/\/www.logicalgolf.com\/de\/shop\/logicalresistance\/logicalaccessories-bag-complete-2\/\" \/>\n<meta property=\"og:site_name\" content=\"Logical Golf\" \/>\n<meta property=\"article:publisher\" content=\"https:\/\/www.facebook.com\/logicalgolf.europe\" \/>\n<meta property=\"article:modified_time\" content=\"2021-12-14T10:30:42+00:00\" \/>\n<meta property=\"og:image\" content=\"https:\/\/www.logicalgolf.com\/wp-content\/uploads\/Logicalaccessories-BAG-COMPLETE-OPEN.jpg\" \/>\n\t<meta property=\"og:image:width\" content=\"1200\" \/>\n\t<meta property=\"og:image:height\" content=\"1200\" \/>\n\t<meta property=\"og:image:type\" content=\"image\/jpeg\" \/>\n<meta name=\"twitter:card\" content=\"summary_large_image\" \/>\n<meta name=\"twitter:site\" content=\"@logicalgolf\" \/>\n<meta name=\"twitter:label1\" content=\"Gesch\u00e4tzte Lesezeit\" \/>\n\t<meta name=\"twitter:data1\" content=\"3\u00a0Minuten\" \/>\n<script type=\"application\/ld+json\" class=\"yoast-schema-graph\">{\"@context\":\"https:\/\/schema.org\",\"@graph\":[{\"@type\":\"WebPage\",\"@id\":\"https:\/\/www.logicalgolf.com\/de\/shop\/logicalresistance\/logicalaccessories-bag-complete-2\/\",\"url\":\"https:\/\/www.logicalgolf.com\/de\/shop\/logicalresistance\/logicalaccessories-bag-complete-2\/\",\"name\":\"Resistance Edition Bag Kinesis - Logical Golf\",\"isPartOf\":{\"@id\":\"https:\/\/www.logicalgolf.com\/#website\"},\"primaryImageOfPage\":{\"@id\":\"https:\/\/www.logicalgolf.com\/de\/shop\/logicalresistance\/logicalaccessories-bag-complete-2\/#primaryimage\"},\"image\":{\"@id\":\"https:\/\/www.logicalgolf.com\/de\/shop\/logicalresistance\/logicalaccessories-bag-complete-2\/#primaryimage\"},\"thumbnailUrl\":\"https:\/\/www.logicalgolf.com\/wp-content\/uploads\/Logicalaccessories-BAG-COMPLETE-OPEN.jpg\",\"datePublished\":\"2016-09-09T10:13:47+00:00\",\"dateModified\":\"2021-12-14T10:30:42+00:00\",\"breadcrumb\":{\"@id\":\"https:\/\/www.logicalgolf.com\/de\/shop\/logicalresistance\/logicalaccessories-bag-complete-2\/#breadcrumb\"},\"inLanguage\":\"de\",\"potentialAction\":[{\"@type\":\"ReadAction\",\"target\":[\"https:\/\/www.logicalgolf.com\/de\/shop\/logicalresistance\/logicalaccessories-bag-complete-2\/\"]}]},{\"@type\":\"ImageObject\",\"inLanguage\":\"de\",\"@id\":\"https:\/\/www.logicalgolf.com\/de\/shop\/logicalresistance\/logicalaccessories-bag-complete-2\/#primaryimage\",\"url\":\"https:\/\/www.logicalgolf.com\/wp-content\/uploads\/Logicalaccessories-BAG-COMPLETE-OPEN.jpg\",\"contentUrl\":\"https:\/\/www.logicalgolf.com\/wp-content\/uploads\/Logicalaccessories-BAG-COMPLETE-OPEN.jpg\",\"width\":1200,\"height\":1200},{\"@type\":\"BreadcrumbList\",\"@id\":\"https:\/\/www.logicalgolf.com\/de\/shop\/logicalresistance\/logicalaccessories-bag-complete-2\/#breadcrumb\",\"itemListElement\":[{\"@type\":\"ListItem\",\"position\":1,\"name\":\"Home\",\"item\":\"https:\/\/www.logicalgolf.com\/de\/\"},{\"@type\":\"ListItem\",\"position\":2,\"name\":\"Shop\",\"item\":\"https:\/\/www.logicalgolf.com\/de\/shop\/\"},{\"@type\":\"ListItem\",\"position\":3,\"name\":\"Resistance Edition Bag Kinesis\"}]},{\"@type\":\"WebSite\",\"@id\":\"https:\/\/www.logicalgolf.com\/#website\",\"url\":\"https:\/\/www.logicalgolf.com\/\",\"name\":\"Logical Golf\",\"description\":\"Bridging the Gap between Golf and Fitness\",\"publisher\":{\"@id\":\"https:\/\/www.logicalgolf.com\/#organization\"},\"potentialAction\":[{\"@type\":\"SearchAction\",\"target\":{\"@type\":\"EntryPoint\",\"urlTemplate\":\"https:\/\/www.logicalgolf.com\/?s={search_term_string}\"},\"query-input\":{\"@type\":\"PropertyValueSpecification\",\"valueRequired\":true,\"valueName\":\"search_term_string\"}}],\"inLanguage\":\"de\"},{\"@type\":\"Organization\",\"@id\":\"https:\/\/www.logicalgolf.com\/#organization\",\"name\":\"Logicalgolf\",\"url\":\"https:\/\/www.logicalgolf.com\/\",\"logo\":{\"@type\":\"ImageObject\",\"inLanguage\":\"de\",\"@id\":\"https:\/\/www.logicalgolf.com\/#\/schema\/logo\/image\/\",\"url\":\"https:\/\/www.logicalgolf.com\/wp-content\/uploads\/logicalgolf-logo-boxed.png\",\"contentUrl\":\"https:\/\/www.logicalgolf.com\/wp-content\/uploads\/logicalgolf-logo-boxed.png\",\"width\":900,\"height\":190,\"caption\":\"Logicalgolf\"},\"image\":{\"@id\":\"https:\/\/www.logicalgolf.com\/#\/schema\/logo\/image\/\"},\"sameAs\":[\"https:\/\/www.facebook.com\/logicalgolf.europe\",\"https:\/\/x.com\/logicalgolf\",\"https:\/\/www.instagram.com\/logicalgolf.official\",\"https:\/\/www.youtube.com\/user\/logicalgolf\"]}]}<\/script>\n<!-- \/ Yoast SEO plugin. -->","yoast_head_json":{"title":"Resistance Edition Bag Kinesis - Logical Golf","robots":{"index":"index","follow":"follow","max-snippet":"max-snippet:-1","max-image-preview":"max-image-preview:large","max-video-preview":"max-video-preview:-1"},"canonical":"https:\/\/www.logicalgolf.com\/de\/shop\/logicalresistance\/logicalaccessories-bag-complete-2\/","og_locale":"de_DE","og_type":"article","og_title":"Resistance Edition Bag Kinesis - Logical Golf","og_description":"Das Komplettset. Das vollst\u00e4ndig mit Schaum ausgekleidete Hardcover-Bag umfasst s\u00e4mtliche Resistance Edition Produkte.  &nbsp;  INKLUSIVE:\u00a0Videopaket Resistance Edition Kinesis Video  Zur Komplettierung des Bags ben\u00f6tigen Sie das Connection Set Kinesis.","og_url":"https:\/\/www.logicalgolf.com\/de\/shop\/logicalresistance\/logicalaccessories-bag-complete-2\/","og_site_name":"Logical Golf","article_publisher":"https:\/\/www.facebook.com\/logicalgolf.europe","article_modified_time":"2021-12-14T10:30:42+00:00","og_image":[{"width":1200,"height":1200,"url":"https:\/\/www.logicalgolf.com\/wp-content\/uploads\/Logicalaccessories-BAG-COMPLETE-OPEN.jpg","type":"image\/jpeg"}],"twitter_card":"summary_large_image","twitter_site":"@logicalgolf","twitter_misc":{"Gesch\u00e4tzte Lesezeit":"3\u00a0Minuten"},"schema":{"@context":"https:\/\/schema.org","@graph":[{"@type":"WebPage","@id":"https:\/\/www.logicalgolf.com\/de\/shop\/logicalresistance\/logicalaccessories-bag-complete-2\/","url":"https:\/\/www.logicalgolf.com\/de\/shop\/logicalresistance\/logicalaccessories-bag-complete-2\/","name":"Resistance Edition Bag Kinesis - Logical Golf","isPartOf":{"@id":"https:\/\/www.logicalgolf.com\/#website"},"primaryImageOfPage":{"@id":"https:\/\/www.logicalgolf.com\/de\/shop\/logicalresistance\/logicalaccessories-bag-complete-2\/#primaryimage"},"image":{"@id":"https:\/\/www.logicalgolf.com\/de\/shop\/logicalresistance\/logicalaccessories-bag-complete-2\/#primaryimage"},"thumbnailUrl":"https:\/\/www.logicalgolf.com\/wp-content\/uploads\/Logicalaccessories-BAG-COMPLETE-OPEN.jpg","datePublished":"2016-09-09T10:13:47+00:00","dateModified":"2021-12-14T10:30:42+00:00","breadcrumb":{"@id":"https:\/\/www.logicalgolf.com\/de\/shop\/logicalresistance\/logicalaccessories-bag-complete-2\/#breadcrumb"},"inLanguage":"de","potentialAction":[{"@type":"ReadAction","target":["https:\/\/www.logicalgolf.com\/de\/shop\/logicalresistance\/logicalaccessories-bag-complete-2\/"]}]},{"@type":"ImageObject","inLanguage":"de","@id":"https:\/\/www.logicalgolf.com\/de\/shop\/logicalresistance\/logicalaccessories-bag-complete-2\/#primaryimage","url":"https:\/\/www.logicalgolf.com\/wp-content\/uploads\/Logicalaccessories-BAG-COMPLETE-OPEN.jpg","contentUrl":"https:\/\/www.logicalgolf.com\/wp-content\/uploads\/Logicalaccessories-BAG-COMPLETE-OPEN.jpg","width":1200,"height":1200},{"@type":"BreadcrumbList","@id":"https:\/\/www.logicalgolf.com\/de\/shop\/logicalresistance\/logicalaccessories-bag-complete-2\/#breadcrumb","itemListElement":[{"@type":"ListItem","position":1,"name":"Home","item":"https:\/\/www.logicalgolf.com\/de\/"},{"@type":"ListItem","position":2,"name":"Shop","item":"https:\/\/www.logicalgolf.com\/de\/shop\/"},{"@type":"ListItem","position":3,"name":"Resistance Edition Bag Kinesis"}]},{"@type":"WebSite","@id":"https:\/\/www.logicalgolf.com\/#website","url":"https:\/\/www.logicalgolf.com\/","name":"Logical Golf","description":"Bridging the Gap between Golf and Fitness","publisher":{"@id":"https:\/\/www.logicalgolf.com\/#organization"},"potentialAction":[{"@type":"SearchAction","target":{"@type":"EntryPoint","urlTemplate":"https:\/\/www.logicalgolf.com\/?s={search_term_string}"},"query-input":{"@type":"PropertyValueSpecification","valueRequired":true,"valueName":"search_term_string"}}],"inLanguage":"de"},{"@type":"Organization","@id":"https:\/\/www.logicalgolf.com\/#organization","name":"Logicalgolf","url":"https:\/\/www.logicalgolf.com\/","logo":{"@type":"ImageObject","inLanguage":"de","@id":"https:\/\/www.logicalgolf.com\/#\/schema\/logo\/image\/","url":"https:\/\/www.logicalgolf.com\/wp-content\/uploads\/logicalgolf-logo-boxed.png","contentUrl":"https:\/\/www.logicalgolf.com\/wp-content\/uploads\/logicalgolf-logo-boxed.png","width":900,"height":190,"caption":"Logicalgolf"},"image":{"@id":"https:\/\/www.logicalgolf.com\/#\/schema\/logo\/image\/"},"sameAs":["https:\/\/www.facebook.com\/logicalgolf.europe","https:\/\/x.com\/logicalgolf","https:\/\/www.instagram.com\/logicalgolf.official","https:\/\/www.youtube.com\/user\/logicalgolf"]}]}},"_links":{"self":[{"href":"https:\/\/www.logicalgolf.com\/de\/wp-json\/wp\/v2\/product\/862","targetHints":{"allow":["GET"]}}],"collection":[{"href":"https:\/\/www.logicalgolf.com\/de\/wp-json\/wp\/v2\/product"}],"about":[{"href":"https:\/\/www.logicalgolf.com\/de\/wp-json\/wp\/v2\/types\/product"}],"replies":[{"embeddable":true,"href":"https:\/\/www.logicalgolf.com\/de\/wp-json\/wp\/v2\/comments?post=862"}],"wp:featuredmedia":[{"embeddable":true,"href":"https:\/\/www.logicalgolf.com\/de\/wp-json\/wp\/v2\/media\/2259"}],"wp:attachment":[{"href":"https:\/\/www.logicalgolf.com\/de\/wp-json\/wp\/v2\/media?parent=862"}],"wp:term":[{"taxonomy":"product_brand","embeddable":true,"href":"https:\/\/www.logicalgolf.com\/de\/wp-json\/wp\/v2\/product_brand?post=862"},{"taxonomy":"product_cat","embeddable":true,"href":"https:\/\/www.logicalgolf.com\/de\/wp-json\/wp\/v2\/product_cat?post=862"},{"taxonomy":"product_tag","embeddable":true,"href":"https:\/\/www.logicalgolf.com\/de\/wp-json\/wp\/v2\/product_tag?post=862"}],"curies":[{"name":"wp","href":"https:\/\/api.w.org\/{rel}","templated":true}]}}