{"id":85,"date":"2016-07-19T12:01:16","date_gmt":"2016-07-19T10:01:16","guid":{"rendered":"https:\/\/www.logicalgolf.com\/product\/logicalgrip-bs-rh\/"},"modified":"2021-10-25T15:26:05","modified_gmt":"2021-10-25T13:26:05","slug":"logicalgrip","status":"publish","type":"product","link":"https:\/\/www.logicalgolf.com\/de\/shop\/logicalresistance\/logicalgrip\/","title":{"rendered":"Logicalgrip"},"content":{"rendered":"<div class=\"wpb-content-wrapper\"><p>[vc_row el_class=&#8220;wcshop-video&#8220;][vc_column][vc_video link=&#8220;https:\/\/vimeo.com\/253751423&#8243; align=&#8220;center&#8220;][\/vc_column][\/vc_row][vc_row el_class=&#8220;wcshop-targets&#8220;][vc_column][vc_column_text]Target Training Area[\/vc_column_text][vc_row_inner][vc_column_inner width=&#8220;1\/4&#8243;][vc_pie value=&#8220;100&#8243; label_value=&#8220;100&#8243; color_mode=&#8220;custom&#8220; color=&#8220;#9d9d9c&#8220; title=&#8220;Power&#8220; el_class=&#8220;target-power&#8220;][\/vc_column_inner][vc_column_inner width=&#8220;1\/4&#8243;][vc_pie value=&#8220;100&#8243; label_value=&#8220;100&#8243; color_mode=&#8220;custom&#8220; color=&#8220;#8aacbf&#8220; title=&#8220;Coordination&#8220; el_class=&#8220;target-coordination&#8220;][\/vc_column_inner][vc_column_inner width=&#8220;1\/4&#8243;][vc_pie value=&#8220;0&#8243; label_value=&#8220;0&#8243; color_mode=&#8220;custom&#8220; color=&#8220;#8ebf8a&#8220; title=&#8220;Short Game&#8220; el_class=&#8220;target-shortgame&#8220;][\/vc_column_inner][vc_column_inner width=&#8220;1\/4&#8243;][vc_pie value=&#8220;100&#8243; label_value=&#8220;100&#8243; color_mode=&#8220;custom&#8220; color=&#8220;#a98abf&#8220; title=&#8220;Straight Shots&#8220; el_class=&#8220;target-straightshots&#8220;][\/vc_column_inner][\/vc_row_inner][\/vc_column][\/vc_row]<\/p>\n<\/div>","protected":false},"excerpt":{"rendered":"<p>Logicalgrip vermittelt das Gef\u00fchl eines sp\u00e4ten Release und eines von Innen kommenden Schl\u00e4gerkopfes.<\/p>\n<p>Der vorgeformte Griff sorgt f\u00fcr den richtigen Kontakt der H\u00e4nde, somit werden die golfrelevanten Muskeln intensiv angesprochen. Verbunden mit\u00a0unseren Logicalresistance Produkten\u00a0oder einem vergleichbaren Seilzusystem\u00a0erm\u00f6glicht dieses Tool jedem Golfer, seine Kraftentfaltung zu optimieren.<\/p>\n","protected":false},"featured_media":1127,"comment_status":"closed","ping_status":"closed","template":"","meta":{"_acf_changed":false},"product_brand":[],"product_cat":[23],"product_tag":[100,127],"class_list":{"0":"post-85","1":"product","2":"type-product","3":"status-publish","4":"has-post-thumbnail","6":"product_cat-logicalresistance","7":"product_tag-on-demand","8":"product_tag-startpage","9":"product_shipping_class-training-aids","11":"first","12":"instock","13":"taxable","14":"shipping-taxable","15":"purchasable","16":"product-type-variable"},"acf":[],"yoast_head":"<!-- This site is optimized with the Yoast SEO plugin v26.5 - https:\/\/yoast.com\/wordpress\/plugins\/seo\/ -->\n<title>Logicalgrip - Logical Golf<\/title>\n<meta name=\"robots\" content=\"index, follow, max-snippet:-1, max-image-preview:large, max-video-preview:-1\" \/>\n<link rel=\"canonical\" href=\"https:\/\/www.logicalgolf.com\/de\/shop\/logicalresistance\/logicalgrip\/\" \/>\n<meta property=\"og:locale\" content=\"de_DE\" \/>\n<meta property=\"og:type\" content=\"article\" \/>\n<meta property=\"og:title\" content=\"Logicalgrip - Logical Golf\" \/>\n<meta property=\"og:description\" content=\"Logicalgrip vermittelt das Gef\u00fchl eines sp\u00e4ten Release und eines von Innen kommenden Schl\u00e4gerkopfes.  Der vorgeformte Griff sorgt f\u00fcr den richtigen Kontakt der H\u00e4nde, somit werden die golfrelevanten Muskeln intensiv angesprochen. Verbunden mit\u00a0unseren Logicalresistance Produkten\u00a0oder einem vergleichbaren Seilzusystem\u00a0erm\u00f6glicht dieses Tool jedem Golfer, seine Kraftentfaltung zu optimieren.\" \/>\n<meta property=\"og:url\" content=\"https:\/\/www.logicalgolf.com\/de\/shop\/logicalresistance\/logicalgrip\/\" \/>\n<meta property=\"og:site_name\" content=\"Logical Golf\" \/>\n<meta property=\"article:publisher\" content=\"https:\/\/www.facebook.com\/logicalgolf.europe\" \/>\n<meta property=\"article:modified_time\" content=\"2021-10-25T13:26:05+00:00\" \/>\n<meta property=\"og:image\" content=\"https:\/\/www.logicalgolf.com\/wp-content\/uploads\/Logicalgrip01-1.jpg\" \/>\n\t<meta property=\"og:image:width\" content=\"1200\" \/>\n\t<meta property=\"og:image:height\" content=\"1200\" \/>\n\t<meta property=\"og:image:type\" content=\"image\/jpeg\" \/>\n<meta name=\"twitter:card\" content=\"summary_large_image\" \/>\n<meta name=\"twitter:site\" content=\"@logicalgolf\" \/>\n<meta name=\"twitter:label1\" content=\"Gesch\u00e4tzte Lesezeit\" \/>\n\t<meta name=\"twitter:data1\" content=\"1\u00a0Minute\" \/>\n<script type=\"application\/ld+json\" class=\"yoast-schema-graph\">{\"@context\":\"https:\/\/schema.org\",\"@graph\":[{\"@type\":\"WebPage\",\"@id\":\"https:\/\/www.logicalgolf.com\/de\/shop\/logicalresistance\/logicalgrip\/\",\"url\":\"https:\/\/www.logicalgolf.com\/de\/shop\/logicalresistance\/logicalgrip\/\",\"name\":\"Logicalgrip - Logical Golf\",\"isPartOf\":{\"@id\":\"https:\/\/www.logicalgolf.com\/#website\"},\"primaryImageOfPage\":{\"@id\":\"https:\/\/www.logicalgolf.com\/de\/shop\/logicalresistance\/logicalgrip\/#primaryimage\"},\"image\":{\"@id\":\"https:\/\/www.logicalgolf.com\/de\/shop\/logicalresistance\/logicalgrip\/#primaryimage\"},\"thumbnailUrl\":\"https:\/\/www.logicalgolf.com\/wp-content\/uploads\/Logicalgrip01-1.jpg\",\"datePublished\":\"2016-07-19T10:01:16+00:00\",\"dateModified\":\"2021-10-25T13:26:05+00:00\",\"breadcrumb\":{\"@id\":\"https:\/\/www.logicalgolf.com\/de\/shop\/logicalresistance\/logicalgrip\/#breadcrumb\"},\"inLanguage\":\"de\",\"potentialAction\":[{\"@type\":\"ReadAction\",\"target\":[\"https:\/\/www.logicalgolf.com\/de\/shop\/logicalresistance\/logicalgrip\/\"]}]},{\"@type\":\"ImageObject\",\"inLanguage\":\"de\",\"@id\":\"https:\/\/www.logicalgolf.com\/de\/shop\/logicalresistance\/logicalgrip\/#primaryimage\",\"url\":\"https:\/\/www.logicalgolf.com\/wp-content\/uploads\/Logicalgrip01-1.jpg\",\"contentUrl\":\"https:\/\/www.logicalgolf.com\/wp-content\/uploads\/Logicalgrip01-1.jpg\",\"width\":1200,\"height\":1200},{\"@type\":\"BreadcrumbList\",\"@id\":\"https:\/\/www.logicalgolf.com\/de\/shop\/logicalresistance\/logicalgrip\/#breadcrumb\",\"itemListElement\":[{\"@type\":\"ListItem\",\"position\":1,\"name\":\"Home\",\"item\":\"https:\/\/www.logicalgolf.com\/de\/\"},{\"@type\":\"ListItem\",\"position\":2,\"name\":\"Shop\",\"item\":\"https:\/\/www.logicalgolf.com\/de\/shop\/\"},{\"@type\":\"ListItem\",\"position\":3,\"name\":\"Logicalgrip\"}]},{\"@type\":\"WebSite\",\"@id\":\"https:\/\/www.logicalgolf.com\/#website\",\"url\":\"https:\/\/www.logicalgolf.com\/\",\"name\":\"Logical Golf\",\"description\":\"Bridging the Gap between Golf and Fitness\",\"publisher\":{\"@id\":\"https:\/\/www.logicalgolf.com\/#organization\"},\"potentialAction\":[{\"@type\":\"SearchAction\",\"target\":{\"@type\":\"EntryPoint\",\"urlTemplate\":\"https:\/\/www.logicalgolf.com\/?s={search_term_string}\"},\"query-input\":{\"@type\":\"PropertyValueSpecification\",\"valueRequired\":true,\"valueName\":\"search_term_string\"}}],\"inLanguage\":\"de\"},{\"@type\":\"Organization\",\"@id\":\"https:\/\/www.logicalgolf.com\/#organization\",\"name\":\"Logicalgolf\",\"url\":\"https:\/\/www.logicalgolf.com\/\",\"logo\":{\"@type\":\"ImageObject\",\"inLanguage\":\"de\",\"@id\":\"https:\/\/www.logicalgolf.com\/#\/schema\/logo\/image\/\",\"url\":\"https:\/\/www.logicalgolf.com\/wp-content\/uploads\/logicalgolf-logo-boxed.png\",\"contentUrl\":\"https:\/\/www.logicalgolf.com\/wp-content\/uploads\/logicalgolf-logo-boxed.png\",\"width\":900,\"height\":190,\"caption\":\"Logicalgolf\"},\"image\":{\"@id\":\"https:\/\/www.logicalgolf.com\/#\/schema\/logo\/image\/\"},\"sameAs\":[\"https:\/\/www.facebook.com\/logicalgolf.europe\",\"https:\/\/x.com\/logicalgolf\",\"https:\/\/www.instagram.com\/logicalgolf.official\",\"https:\/\/www.youtube.com\/user\/logicalgolf\"]}]}<\/script>\n<!-- \/ Yoast SEO plugin. -->","yoast_head_json":{"title":"Logicalgrip - Logical Golf","robots":{"index":"index","follow":"follow","max-snippet":"max-snippet:-1","max-image-preview":"max-image-preview:large","max-video-preview":"max-video-preview:-1"},"canonical":"https:\/\/www.logicalgolf.com\/de\/shop\/logicalresistance\/logicalgrip\/","og_locale":"de_DE","og_type":"article","og_title":"Logicalgrip - Logical Golf","og_description":"Logicalgrip vermittelt das Gef\u00fchl eines sp\u00e4ten Release und eines von Innen kommenden Schl\u00e4gerkopfes.  Der vorgeformte Griff sorgt f\u00fcr den richtigen Kontakt der H\u00e4nde, somit werden die golfrelevanten Muskeln intensiv angesprochen. Verbunden mit\u00a0unseren Logicalresistance Produkten\u00a0oder einem vergleichbaren Seilzusystem\u00a0erm\u00f6glicht dieses Tool jedem Golfer, seine Kraftentfaltung zu optimieren.","og_url":"https:\/\/www.logicalgolf.com\/de\/shop\/logicalresistance\/logicalgrip\/","og_site_name":"Logical Golf","article_publisher":"https:\/\/www.facebook.com\/logicalgolf.europe","article_modified_time":"2021-10-25T13:26:05+00:00","og_image":[{"width":1200,"height":1200,"url":"https:\/\/www.logicalgolf.com\/wp-content\/uploads\/Logicalgrip01-1.jpg","type":"image\/jpeg"}],"twitter_card":"summary_large_image","twitter_site":"@logicalgolf","twitter_misc":{"Gesch\u00e4tzte Lesezeit":"1\u00a0Minute"},"schema":{"@context":"https:\/\/schema.org","@graph":[{"@type":"WebPage","@id":"https:\/\/www.logicalgolf.com\/de\/shop\/logicalresistance\/logicalgrip\/","url":"https:\/\/www.logicalgolf.com\/de\/shop\/logicalresistance\/logicalgrip\/","name":"Logicalgrip - Logical Golf","isPartOf":{"@id":"https:\/\/www.logicalgolf.com\/#website"},"primaryImageOfPage":{"@id":"https:\/\/www.logicalgolf.com\/de\/shop\/logicalresistance\/logicalgrip\/#primaryimage"},"image":{"@id":"https:\/\/www.logicalgolf.com\/de\/shop\/logicalresistance\/logicalgrip\/#primaryimage"},"thumbnailUrl":"https:\/\/www.logicalgolf.com\/wp-content\/uploads\/Logicalgrip01-1.jpg","datePublished":"2016-07-19T10:01:16+00:00","dateModified":"2021-10-25T13:26:05+00:00","breadcrumb":{"@id":"https:\/\/www.logicalgolf.com\/de\/shop\/logicalresistance\/logicalgrip\/#breadcrumb"},"inLanguage":"de","potentialAction":[{"@type":"ReadAction","target":["https:\/\/www.logicalgolf.com\/de\/shop\/logicalresistance\/logicalgrip\/"]}]},{"@type":"ImageObject","inLanguage":"de","@id":"https:\/\/www.logicalgolf.com\/de\/shop\/logicalresistance\/logicalgrip\/#primaryimage","url":"https:\/\/www.logicalgolf.com\/wp-content\/uploads\/Logicalgrip01-1.jpg","contentUrl":"https:\/\/www.logicalgolf.com\/wp-content\/uploads\/Logicalgrip01-1.jpg","width":1200,"height":1200},{"@type":"BreadcrumbList","@id":"https:\/\/www.logicalgolf.com\/de\/shop\/logicalresistance\/logicalgrip\/#breadcrumb","itemListElement":[{"@type":"ListItem","position":1,"name":"Home","item":"https:\/\/www.logicalgolf.com\/de\/"},{"@type":"ListItem","position":2,"name":"Shop","item":"https:\/\/www.logicalgolf.com\/de\/shop\/"},{"@type":"ListItem","position":3,"name":"Logicalgrip"}]},{"@type":"WebSite","@id":"https:\/\/www.logicalgolf.com\/#website","url":"https:\/\/www.logicalgolf.com\/","name":"Logical Golf","description":"Bridging the Gap between Golf and Fitness","publisher":{"@id":"https:\/\/www.logicalgolf.com\/#organization"},"potentialAction":[{"@type":"SearchAction","target":{"@type":"EntryPoint","urlTemplate":"https:\/\/www.logicalgolf.com\/?s={search_term_string}"},"query-input":{"@type":"PropertyValueSpecification","valueRequired":true,"valueName":"search_term_string"}}],"inLanguage":"de"},{"@type":"Organization","@id":"https:\/\/www.logicalgolf.com\/#organization","name":"Logicalgolf","url":"https:\/\/www.logicalgolf.com\/","logo":{"@type":"ImageObject","inLanguage":"de","@id":"https:\/\/www.logicalgolf.com\/#\/schema\/logo\/image\/","url":"https:\/\/www.logicalgolf.com\/wp-content\/uploads\/logicalgolf-logo-boxed.png","contentUrl":"https:\/\/www.logicalgolf.com\/wp-content\/uploads\/logicalgolf-logo-boxed.png","width":900,"height":190,"caption":"Logicalgolf"},"image":{"@id":"https:\/\/www.logicalgolf.com\/#\/schema\/logo\/image\/"},"sameAs":["https:\/\/www.facebook.com\/logicalgolf.europe","https:\/\/x.com\/logicalgolf","https:\/\/www.instagram.com\/logicalgolf.official","https:\/\/www.youtube.com\/user\/logicalgolf"]}]}},"_links":{"self":[{"href":"https:\/\/www.logicalgolf.com\/de\/wp-json\/wp\/v2\/product\/85","targetHints":{"allow":["GET"]}}],"collection":[{"href":"https:\/\/www.logicalgolf.com\/de\/wp-json\/wp\/v2\/product"}],"about":[{"href":"https:\/\/www.logicalgolf.com\/de\/wp-json\/wp\/v2\/types\/product"}],"replies":[{"embeddable":true,"href":"https:\/\/www.logicalgolf.com\/de\/wp-json\/wp\/v2\/comments?post=85"}],"wp:featuredmedia":[{"embeddable":true,"href":"https:\/\/www.logicalgolf.com\/de\/wp-json\/wp\/v2\/media\/1127"}],"wp:attachment":[{"href":"https:\/\/www.logicalgolf.com\/de\/wp-json\/wp\/v2\/media?parent=85"}],"wp:term":[{"taxonomy":"product_brand","embeddable":true,"href":"https:\/\/www.logicalgolf.com\/de\/wp-json\/wp\/v2\/product_brand?post=85"},{"taxonomy":"product_cat","embeddable":true,"href":"https:\/\/www.logicalgolf.com\/de\/wp-json\/wp\/v2\/product_cat?post=85"},{"taxonomy":"product_tag","embeddable":true,"href":"https:\/\/www.logicalgolf.com\/de\/wp-json\/wp\/v2\/product_tag?post=85"}],"curies":[{"name":"wp","href":"https:\/\/api.w.org\/{rel}","templated":true}]}}