{"id":77,"date":"2016-07-19T12:00:37","date_gmt":"2016-07-19T10:00:37","guid":{"rendered":"https:\/\/www.logicalgolf.com\/product\/logicalresistance-basic-2\/"},"modified":"2021-10-25T15:27:08","modified_gmt":"2021-10-25T13:27:08","slug":"logicalresistance-basic-2","status":"publish","type":"product","link":"https:\/\/www.logicalgolf.com\/de\/shop\/logicalresistance\/logicalresistance-basic-2\/","title":{"rendered":"Logicalresistance Basic"},"content":{"rendered":"<div class=\"wpb-content-wrapper\"><p>[vc_row el_class=&#8220;wcshop-video&#8220;][vc_column][vc_video link=&#8220;https:\/\/vimeo.com\/253751041&#8243; align=&#8220;center&#8220;][\/vc_column][\/vc_row][vc_row el_class=&#8220;wcshop-targets&#8220;][vc_column][vc_column_text]Target Training Area[\/vc_column_text][vc_row_inner][vc_column_inner width=&#8220;1\/4&#8243;][vc_pie value=&#8220;100&#8243; label_value=&#8220;100&#8243; color_mode=&#8220;custom&#8220; color=&#8220;#9d9d9c&#8220; title=&#8220;Power&#8220; el_class=&#8220;target-power&#8220;][\/vc_column_inner][vc_column_inner width=&#8220;1\/4&#8243;][vc_pie value=&#8220;100&#8243; label_value=&#8220;100&#8243; color_mode=&#8220;custom&#8220; color=&#8220;#8aacbf&#8220; title=&#8220;Coordination&#8220; el_class=&#8220;target-coordination&#8220;][\/vc_column_inner][vc_column_inner width=&#8220;1\/4&#8243;][vc_pie value=&#8220;100&#8243; label_value=&#8220;100&#8243; color_mode=&#8220;custom&#8220; color=&#8220;#8ebf8a&#8220; title=&#8220;Short Game&#8220; el_class=&#8220;target-shortgame&#8220;][\/vc_column_inner][vc_column_inner width=&#8220;1\/4&#8243;][vc_pie value=&#8220;100&#8243; label_value=&#8220;100&#8243; color_mode=&#8220;custom&#8220; color=&#8220;#a98abf&#8220; title=&#8220;Straight Shots&#8220; el_class=&#8220;target-straightshots&#8220;][\/vc_column_inner][\/vc_row_inner][\/vc_column][\/vc_row]<\/p>\n<\/div>","protected":false},"excerpt":{"rendered":"<p>Logicalresistance Basic ist ein Set aus vier Elastikb\u00e4ndern, einem T\u00fcranker und zwei Sicherheitskarabinern. An einer T\u00fcr befestigt ist Logicalresistance Basic die mobile Variante, um auch unterwegs\u00a0mit einigen unserer Logicalaccessories\u00a0trainieren zu k\u00f6nnen.<\/p>\n","protected":false},"featured_media":2014,"comment_status":"closed","ping_status":"closed","template":"","meta":{"_acf_changed":false},"product_brand":[],"product_cat":[23],"product_tag":[100],"class_list":{"0":"post-77","1":"product","2":"type-product","3":"status-publish","4":"has-post-thumbnail","6":"product_cat-logicalresistance","7":"product_tag-on-demand","8":"product_shipping_class-training-aids","10":"first","11":"instock","12":"taxable","13":"shipping-taxable","14":"purchasable","15":"product-type-simple"},"acf":[],"yoast_head":"<!-- This site is optimized with the Yoast SEO plugin v26.5 - https:\/\/yoast.com\/wordpress\/plugins\/seo\/ -->\n<title>Logicalresistance Basic - Logical Golf<\/title>\n<meta name=\"robots\" content=\"index, follow, max-snippet:-1, max-image-preview:large, max-video-preview:-1\" \/>\n<link rel=\"canonical\" href=\"https:\/\/www.logicalgolf.com\/de\/shop\/logicalresistance\/logicalresistance-basic-2\/\" \/>\n<meta property=\"og:locale\" content=\"de_DE\" \/>\n<meta property=\"og:type\" content=\"article\" \/>\n<meta property=\"og:title\" content=\"Logicalresistance Basic - Logical Golf\" \/>\n<meta property=\"og:description\" content=\"Logicalresistance Basic ist ein Set aus vier Elastikb\u00e4ndern, einem T\u00fcranker und zwei Sicherheitskarabinern. An einer T\u00fcr befestigt ist Logicalresistance Basic die mobile Variante, um auch unterwegs\u00a0mit einigen unserer Logicalaccessories\u00a0trainieren zu k\u00f6nnen.\" \/>\n<meta property=\"og:url\" content=\"https:\/\/www.logicalgolf.com\/de\/shop\/logicalresistance\/logicalresistance-basic-2\/\" \/>\n<meta property=\"og:site_name\" content=\"Logical Golf\" \/>\n<meta property=\"article:publisher\" content=\"https:\/\/www.facebook.com\/logicalgolf.europe\" \/>\n<meta property=\"article:modified_time\" content=\"2021-10-25T13:27:08+00:00\" \/>\n<meta property=\"og:image\" content=\"https:\/\/www.logicalgolf.com\/wp-content\/uploads\/logicalresistance-basic.jpg\" \/>\n\t<meta property=\"og:image:width\" content=\"1200\" \/>\n\t<meta property=\"og:image:height\" content=\"1200\" \/>\n\t<meta property=\"og:image:type\" content=\"image\/jpeg\" \/>\n<meta name=\"twitter:card\" content=\"summary_large_image\" \/>\n<meta name=\"twitter:site\" content=\"@logicalgolf\" \/>\n<meta name=\"twitter:label1\" content=\"Gesch\u00e4tzte Lesezeit\" \/>\n\t<meta name=\"twitter:data1\" content=\"1\u00a0Minute\" \/>\n<script type=\"application\/ld+json\" class=\"yoast-schema-graph\">{\"@context\":\"https:\/\/schema.org\",\"@graph\":[{\"@type\":\"WebPage\",\"@id\":\"https:\/\/www.logicalgolf.com\/de\/shop\/logicalresistance\/logicalresistance-basic-2\/\",\"url\":\"https:\/\/www.logicalgolf.com\/de\/shop\/logicalresistance\/logicalresistance-basic-2\/\",\"name\":\"Logicalresistance Basic - Logical Golf\",\"isPartOf\":{\"@id\":\"https:\/\/www.logicalgolf.com\/#website\"},\"primaryImageOfPage\":{\"@id\":\"https:\/\/www.logicalgolf.com\/de\/shop\/logicalresistance\/logicalresistance-basic-2\/#primaryimage\"},\"image\":{\"@id\":\"https:\/\/www.logicalgolf.com\/de\/shop\/logicalresistance\/logicalresistance-basic-2\/#primaryimage\"},\"thumbnailUrl\":\"https:\/\/www.logicalgolf.com\/wp-content\/uploads\/logicalresistance-basic.jpg\",\"datePublished\":\"2016-07-19T10:00:37+00:00\",\"dateModified\":\"2021-10-25T13:27:08+00:00\",\"breadcrumb\":{\"@id\":\"https:\/\/www.logicalgolf.com\/de\/shop\/logicalresistance\/logicalresistance-basic-2\/#breadcrumb\"},\"inLanguage\":\"de\",\"potentialAction\":[{\"@type\":\"ReadAction\",\"target\":[\"https:\/\/www.logicalgolf.com\/de\/shop\/logicalresistance\/logicalresistance-basic-2\/\"]}]},{\"@type\":\"ImageObject\",\"inLanguage\":\"de\",\"@id\":\"https:\/\/www.logicalgolf.com\/de\/shop\/logicalresistance\/logicalresistance-basic-2\/#primaryimage\",\"url\":\"https:\/\/www.logicalgolf.com\/wp-content\/uploads\/logicalresistance-basic.jpg\",\"contentUrl\":\"https:\/\/www.logicalgolf.com\/wp-content\/uploads\/logicalresistance-basic.jpg\",\"width\":1200,\"height\":1200},{\"@type\":\"BreadcrumbList\",\"@id\":\"https:\/\/www.logicalgolf.com\/de\/shop\/logicalresistance\/logicalresistance-basic-2\/#breadcrumb\",\"itemListElement\":[{\"@type\":\"ListItem\",\"position\":1,\"name\":\"Home\",\"item\":\"https:\/\/www.logicalgolf.com\/de\/\"},{\"@type\":\"ListItem\",\"position\":2,\"name\":\"Shop\",\"item\":\"https:\/\/www.logicalgolf.com\/de\/shop\/\"},{\"@type\":\"ListItem\",\"position\":3,\"name\":\"Logicalresistance Basic\"}]},{\"@type\":\"WebSite\",\"@id\":\"https:\/\/www.logicalgolf.com\/#website\",\"url\":\"https:\/\/www.logicalgolf.com\/\",\"name\":\"Logical Golf\",\"description\":\"Bridging the Gap between Golf and Fitness\",\"publisher\":{\"@id\":\"https:\/\/www.logicalgolf.com\/#organization\"},\"potentialAction\":[{\"@type\":\"SearchAction\",\"target\":{\"@type\":\"EntryPoint\",\"urlTemplate\":\"https:\/\/www.logicalgolf.com\/?s={search_term_string}\"},\"query-input\":{\"@type\":\"PropertyValueSpecification\",\"valueRequired\":true,\"valueName\":\"search_term_string\"}}],\"inLanguage\":\"de\"},{\"@type\":\"Organization\",\"@id\":\"https:\/\/www.logicalgolf.com\/#organization\",\"name\":\"Logicalgolf\",\"url\":\"https:\/\/www.logicalgolf.com\/\",\"logo\":{\"@type\":\"ImageObject\",\"inLanguage\":\"de\",\"@id\":\"https:\/\/www.logicalgolf.com\/#\/schema\/logo\/image\/\",\"url\":\"https:\/\/www.logicalgolf.com\/wp-content\/uploads\/logicalgolf-logo-boxed.png\",\"contentUrl\":\"https:\/\/www.logicalgolf.com\/wp-content\/uploads\/logicalgolf-logo-boxed.png\",\"width\":900,\"height\":190,\"caption\":\"Logicalgolf\"},\"image\":{\"@id\":\"https:\/\/www.logicalgolf.com\/#\/schema\/logo\/image\/\"},\"sameAs\":[\"https:\/\/www.facebook.com\/logicalgolf.europe\",\"https:\/\/x.com\/logicalgolf\",\"https:\/\/www.instagram.com\/logicalgolf.official\",\"https:\/\/www.youtube.com\/user\/logicalgolf\"]}]}<\/script>\n<!-- \/ Yoast SEO plugin. -->","yoast_head_json":{"title":"Logicalresistance Basic - Logical Golf","robots":{"index":"index","follow":"follow","max-snippet":"max-snippet:-1","max-image-preview":"max-image-preview:large","max-video-preview":"max-video-preview:-1"},"canonical":"https:\/\/www.logicalgolf.com\/de\/shop\/logicalresistance\/logicalresistance-basic-2\/","og_locale":"de_DE","og_type":"article","og_title":"Logicalresistance Basic - Logical Golf","og_description":"Logicalresistance Basic ist ein Set aus vier Elastikb\u00e4ndern, einem T\u00fcranker und zwei Sicherheitskarabinern. An einer T\u00fcr befestigt ist Logicalresistance Basic die mobile Variante, um auch unterwegs\u00a0mit einigen unserer Logicalaccessories\u00a0trainieren zu k\u00f6nnen.","og_url":"https:\/\/www.logicalgolf.com\/de\/shop\/logicalresistance\/logicalresistance-basic-2\/","og_site_name":"Logical Golf","article_publisher":"https:\/\/www.facebook.com\/logicalgolf.europe","article_modified_time":"2021-10-25T13:27:08+00:00","og_image":[{"width":1200,"height":1200,"url":"https:\/\/www.logicalgolf.com\/wp-content\/uploads\/logicalresistance-basic.jpg","type":"image\/jpeg"}],"twitter_card":"summary_large_image","twitter_site":"@logicalgolf","twitter_misc":{"Gesch\u00e4tzte Lesezeit":"1\u00a0Minute"},"schema":{"@context":"https:\/\/schema.org","@graph":[{"@type":"WebPage","@id":"https:\/\/www.logicalgolf.com\/de\/shop\/logicalresistance\/logicalresistance-basic-2\/","url":"https:\/\/www.logicalgolf.com\/de\/shop\/logicalresistance\/logicalresistance-basic-2\/","name":"Logicalresistance Basic - Logical Golf","isPartOf":{"@id":"https:\/\/www.logicalgolf.com\/#website"},"primaryImageOfPage":{"@id":"https:\/\/www.logicalgolf.com\/de\/shop\/logicalresistance\/logicalresistance-basic-2\/#primaryimage"},"image":{"@id":"https:\/\/www.logicalgolf.com\/de\/shop\/logicalresistance\/logicalresistance-basic-2\/#primaryimage"},"thumbnailUrl":"https:\/\/www.logicalgolf.com\/wp-content\/uploads\/logicalresistance-basic.jpg","datePublished":"2016-07-19T10:00:37+00:00","dateModified":"2021-10-25T13:27:08+00:00","breadcrumb":{"@id":"https:\/\/www.logicalgolf.com\/de\/shop\/logicalresistance\/logicalresistance-basic-2\/#breadcrumb"},"inLanguage":"de","potentialAction":[{"@type":"ReadAction","target":["https:\/\/www.logicalgolf.com\/de\/shop\/logicalresistance\/logicalresistance-basic-2\/"]}]},{"@type":"ImageObject","inLanguage":"de","@id":"https:\/\/www.logicalgolf.com\/de\/shop\/logicalresistance\/logicalresistance-basic-2\/#primaryimage","url":"https:\/\/www.logicalgolf.com\/wp-content\/uploads\/logicalresistance-basic.jpg","contentUrl":"https:\/\/www.logicalgolf.com\/wp-content\/uploads\/logicalresistance-basic.jpg","width":1200,"height":1200},{"@type":"BreadcrumbList","@id":"https:\/\/www.logicalgolf.com\/de\/shop\/logicalresistance\/logicalresistance-basic-2\/#breadcrumb","itemListElement":[{"@type":"ListItem","position":1,"name":"Home","item":"https:\/\/www.logicalgolf.com\/de\/"},{"@type":"ListItem","position":2,"name":"Shop","item":"https:\/\/www.logicalgolf.com\/de\/shop\/"},{"@type":"ListItem","position":3,"name":"Logicalresistance Basic"}]},{"@type":"WebSite","@id":"https:\/\/www.logicalgolf.com\/#website","url":"https:\/\/www.logicalgolf.com\/","name":"Logical Golf","description":"Bridging the Gap between Golf and Fitness","publisher":{"@id":"https:\/\/www.logicalgolf.com\/#organization"},"potentialAction":[{"@type":"SearchAction","target":{"@type":"EntryPoint","urlTemplate":"https:\/\/www.logicalgolf.com\/?s={search_term_string}"},"query-input":{"@type":"PropertyValueSpecification","valueRequired":true,"valueName":"search_term_string"}}],"inLanguage":"de"},{"@type":"Organization","@id":"https:\/\/www.logicalgolf.com\/#organization","name":"Logicalgolf","url":"https:\/\/www.logicalgolf.com\/","logo":{"@type":"ImageObject","inLanguage":"de","@id":"https:\/\/www.logicalgolf.com\/#\/schema\/logo\/image\/","url":"https:\/\/www.logicalgolf.com\/wp-content\/uploads\/logicalgolf-logo-boxed.png","contentUrl":"https:\/\/www.logicalgolf.com\/wp-content\/uploads\/logicalgolf-logo-boxed.png","width":900,"height":190,"caption":"Logicalgolf"},"image":{"@id":"https:\/\/www.logicalgolf.com\/#\/schema\/logo\/image\/"},"sameAs":["https:\/\/www.facebook.com\/logicalgolf.europe","https:\/\/x.com\/logicalgolf","https:\/\/www.instagram.com\/logicalgolf.official","https:\/\/www.youtube.com\/user\/logicalgolf"]}]}},"_links":{"self":[{"href":"https:\/\/www.logicalgolf.com\/de\/wp-json\/wp\/v2\/product\/77","targetHints":{"allow":["GET"]}}],"collection":[{"href":"https:\/\/www.logicalgolf.com\/de\/wp-json\/wp\/v2\/product"}],"about":[{"href":"https:\/\/www.logicalgolf.com\/de\/wp-json\/wp\/v2\/types\/product"}],"replies":[{"embeddable":true,"href":"https:\/\/www.logicalgolf.com\/de\/wp-json\/wp\/v2\/comments?post=77"}],"wp:featuredmedia":[{"embeddable":true,"href":"https:\/\/www.logicalgolf.com\/de\/wp-json\/wp\/v2\/media\/2014"}],"wp:attachment":[{"href":"https:\/\/www.logicalgolf.com\/de\/wp-json\/wp\/v2\/media?parent=77"}],"wp:term":[{"taxonomy":"product_brand","embeddable":true,"href":"https:\/\/www.logicalgolf.com\/de\/wp-json\/wp\/v2\/product_brand?post=77"},{"taxonomy":"product_cat","embeddable":true,"href":"https:\/\/www.logicalgolf.com\/de\/wp-json\/wp\/v2\/product_cat?post=77"},{"taxonomy":"product_tag","embeddable":true,"href":"https:\/\/www.logicalgolf.com\/de\/wp-json\/wp\/v2\/product_tag?post=77"}],"curies":[{"name":"wp","href":"https:\/\/api.w.org\/{rel}","templated":true}]}}