{"id":3021,"date":"2020-01-28T09:15:37","date_gmt":"2020-01-28T08:15:37","guid":{"rendered":"https:\/\/www.logicalgolf.com\/?post_type=product&#038;p=3021"},"modified":"2021-10-25T15:25:31","modified_gmt":"2021-10-25T13:25:31","slug":"logicalrelease","status":"publish","type":"product","link":"https:\/\/www.logicalgolf.com\/de\/shop\/logicalresistance\/logicalrelease\/","title":{"rendered":"Logicalrelease"},"content":{"rendered":"<div class=\"wpb-content-wrapper\"><p>[vc_row el_class=&#8220;wcshop-video&#8220;][vc_column][vc_video link=&#8220;https:\/\/vimeo.com\/359254871&#8243; align=&#8220;center&#8220;][\/vc_column][\/vc_row][vc_row el_class=&#8220;wcshop-targets&#8220;][vc_column][vc_column_text]Target Training Area[\/vc_column_text][vc_row_inner][vc_column_inner width=&#8220;1\/4&#8243;][vc_pie value=&#8220;100&#8243; label_value=&#8220;100&#8243; color_mode=&#8220;custom&#8220; color=&#8220;#9d9d9c&#8220; title=&#8220;Power&#8220; el_class=&#8220;target-power&#8220;][\/vc_column_inner][vc_column_inner width=&#8220;1\/4&#8243;][vc_pie value=&#8220;100&#8243; label_value=&#8220;100&#8243; color_mode=&#8220;custom&#8220; color=&#8220;#8aacbf&#8220; title=&#8220;Coordination&#8220; el_class=&#8220;target-coordination&#8220;][\/vc_column_inner][vc_column_inner width=&#8220;1\/4&#8243;][vc_pie label_value=&#8220;50&#8243; color_mode=&#8220;custom&#8220; color=&#8220;#8ebf8a&#8220; title=&#8220;Short Game&#8220; el_class=&#8220;target-shortgame&#8220;][\/vc_column_inner][vc_column_inner width=&#8220;1\/4&#8243;][vc_pie value=&#8220;100&#8243; label_value=&#8220;100&#8243; color_mode=&#8220;custom&#8220; color=&#8220;#a98abf&#8220; title=&#8220;Straight Shots&#8220; el_class=&#8220;target-straightshots&#8220;][\/vc_column_inner][\/vc_row_inner][\/vc_column][\/vc_row]<\/p>\n<\/div>","protected":false},"excerpt":{"rendered":"<p>Logicalrelease leitet die Handgelenke zum perfekten Release. Die in Verbindung mit dem Seilzug dynamisch agierenden Winkel von Logicalrelease vermitteln dem Golfer das Gef\u00fchl der Beugung des f\u00fchrenden Handr\u00fcckens, die Grundvoraussetzung f\u00fcr einen sp\u00e4ten und kraftvollen Release.<\/p>\n<p>Der vorgeformte Griff sorgt f\u00fcr den richtigen Kontakt der H\u00e4nde, somit werden die golfrelevanten Muskeln intensiv angesprochen. Verbunden mit\u00a0unseren Logicalresistance Produkten\u00a0oder einem vergleichbaren Seilzusystem\u00a0erm\u00f6glicht dieses Tool jedem Golfer, eine der wichtigsten Kernbewegungen des Golfschwungs zu f\u00fchlen, zu verstehen und im eigenen Schwung zu etablieren. Besonders Slicer werden von Logicalrelease profitieren.<\/p>\n<p>&nbsp;<\/p>\n","protected":false},"featured_media":3012,"comment_status":"closed","ping_status":"closed","template":"","meta":{"_acf_changed":false},"product_brand":[],"product_cat":[23],"product_tag":[100,127],"class_list":{"0":"post-3021","1":"product","2":"type-product","3":"status-publish","4":"has-post-thumbnail","6":"product_cat-logicalresistance","7":"product_tag-on-demand","8":"product_tag-startpage","9":"product_shipping_class-training-aids","11":"first","12":"instock","13":"taxable","14":"shipping-taxable","15":"purchasable","16":"product-type-variable"},"acf":[],"yoast_head":"<!-- This site is optimized with the Yoast SEO plugin v26.5 - https:\/\/yoast.com\/wordpress\/plugins\/seo\/ -->\n<title>Logicalrelease - Logical Golf<\/title>\n<meta name=\"robots\" content=\"index, follow, max-snippet:-1, max-image-preview:large, max-video-preview:-1\" \/>\n<link rel=\"canonical\" href=\"https:\/\/www.logicalgolf.com\/de\/shop\/logicalresistance\/logicalrelease\/\" \/>\n<meta property=\"og:locale\" content=\"de_DE\" \/>\n<meta property=\"og:type\" content=\"article\" \/>\n<meta property=\"og:title\" content=\"Logicalrelease - Logical Golf\" \/>\n<meta property=\"og:description\" content=\"Logicalrelease leitet die Handgelenke zum perfekten Release. Die in Verbindung mit dem Seilzug dynamisch agierenden Winkel von Logicalrelease vermitteln dem Golfer das Gef\u00fchl der Beugung des f\u00fchrenden Handr\u00fcckens, die Grundvoraussetzung f\u00fcr einen sp\u00e4ten und kraftvollen Release.  Der vorgeformte Griff sorgt f\u00fcr den richtigen Kontakt der H\u00e4nde, somit werden die golfrelevanten Muskeln intensiv angesprochen. Verbunden mit\u00a0unseren Logicalresistance Produkten\u00a0oder einem vergleichbaren Seilzusystem\u00a0erm\u00f6glicht dieses Tool jedem Golfer, eine der wichtigsten Kernbewegungen des Golfschwungs zu f\u00fchlen, zu verstehen und im eigenen Schwung zu etablieren. Besonders Slicer werden von Logicalrelease profitieren.  &nbsp;\" \/>\n<meta property=\"og:url\" content=\"https:\/\/www.logicalgolf.com\/de\/shop\/logicalresistance\/logicalrelease\/\" \/>\n<meta property=\"og:site_name\" content=\"Logical Golf\" \/>\n<meta property=\"article:publisher\" content=\"https:\/\/www.facebook.com\/logicalgolf.europe\" \/>\n<meta property=\"article:modified_time\" content=\"2021-10-25T13:25:31+00:00\" \/>\n<meta property=\"og:image\" content=\"https:\/\/www.logicalgolf.com\/wp-content\/uploads\/Logicalrelease_02-scaled.jpg\" \/>\n\t<meta property=\"og:image:width\" content=\"1200\" \/>\n\t<meta property=\"og:image:height\" content=\"1200\" \/>\n\t<meta property=\"og:image:type\" content=\"image\/jpeg\" \/>\n<meta name=\"twitter:card\" content=\"summary_large_image\" \/>\n<meta name=\"twitter:site\" content=\"@logicalgolf\" \/>\n<meta name=\"twitter:label1\" content=\"Gesch\u00e4tzte Lesezeit\" \/>\n\t<meta name=\"twitter:data1\" content=\"1\u00a0Minute\" \/>\n<script type=\"application\/ld+json\" class=\"yoast-schema-graph\">{\"@context\":\"https:\/\/schema.org\",\"@graph\":[{\"@type\":\"WebPage\",\"@id\":\"https:\/\/www.logicalgolf.com\/de\/shop\/logicalresistance\/logicalrelease\/\",\"url\":\"https:\/\/www.logicalgolf.com\/de\/shop\/logicalresistance\/logicalrelease\/\",\"name\":\"Logicalrelease - Logical Golf\",\"isPartOf\":{\"@id\":\"https:\/\/www.logicalgolf.com\/#website\"},\"primaryImageOfPage\":{\"@id\":\"https:\/\/www.logicalgolf.com\/de\/shop\/logicalresistance\/logicalrelease\/#primaryimage\"},\"image\":{\"@id\":\"https:\/\/www.logicalgolf.com\/de\/shop\/logicalresistance\/logicalrelease\/#primaryimage\"},\"thumbnailUrl\":\"https:\/\/www.logicalgolf.com\/wp-content\/uploads\/Logicalrelease_02-scaled.jpg\",\"datePublished\":\"2020-01-28T08:15:37+00:00\",\"dateModified\":\"2021-10-25T13:25:31+00:00\",\"breadcrumb\":{\"@id\":\"https:\/\/www.logicalgolf.com\/de\/shop\/logicalresistance\/logicalrelease\/#breadcrumb\"},\"inLanguage\":\"de\",\"potentialAction\":[{\"@type\":\"ReadAction\",\"target\":[\"https:\/\/www.logicalgolf.com\/de\/shop\/logicalresistance\/logicalrelease\/\"]}]},{\"@type\":\"ImageObject\",\"inLanguage\":\"de\",\"@id\":\"https:\/\/www.logicalgolf.com\/de\/shop\/logicalresistance\/logicalrelease\/#primaryimage\",\"url\":\"https:\/\/www.logicalgolf.com\/wp-content\/uploads\/Logicalrelease_02-scaled.jpg\",\"contentUrl\":\"https:\/\/www.logicalgolf.com\/wp-content\/uploads\/Logicalrelease_02-scaled.jpg\",\"width\":1200,\"height\":1200},{\"@type\":\"BreadcrumbList\",\"@id\":\"https:\/\/www.logicalgolf.com\/de\/shop\/logicalresistance\/logicalrelease\/#breadcrumb\",\"itemListElement\":[{\"@type\":\"ListItem\",\"position\":1,\"name\":\"Home\",\"item\":\"https:\/\/www.logicalgolf.com\/de\/\"},{\"@type\":\"ListItem\",\"position\":2,\"name\":\"Shop\",\"item\":\"https:\/\/www.logicalgolf.com\/de\/shop\/\"},{\"@type\":\"ListItem\",\"position\":3,\"name\":\"Logicalrelease\"}]},{\"@type\":\"WebSite\",\"@id\":\"https:\/\/www.logicalgolf.com\/#website\",\"url\":\"https:\/\/www.logicalgolf.com\/\",\"name\":\"Logical Golf\",\"description\":\"Bridging the Gap between Golf and Fitness\",\"publisher\":{\"@id\":\"https:\/\/www.logicalgolf.com\/#organization\"},\"potentialAction\":[{\"@type\":\"SearchAction\",\"target\":{\"@type\":\"EntryPoint\",\"urlTemplate\":\"https:\/\/www.logicalgolf.com\/?s={search_term_string}\"},\"query-input\":{\"@type\":\"PropertyValueSpecification\",\"valueRequired\":true,\"valueName\":\"search_term_string\"}}],\"inLanguage\":\"de\"},{\"@type\":\"Organization\",\"@id\":\"https:\/\/www.logicalgolf.com\/#organization\",\"name\":\"Logicalgolf\",\"url\":\"https:\/\/www.logicalgolf.com\/\",\"logo\":{\"@type\":\"ImageObject\",\"inLanguage\":\"de\",\"@id\":\"https:\/\/www.logicalgolf.com\/#\/schema\/logo\/image\/\",\"url\":\"https:\/\/www.logicalgolf.com\/wp-content\/uploads\/logicalgolf-logo-boxed.png\",\"contentUrl\":\"https:\/\/www.logicalgolf.com\/wp-content\/uploads\/logicalgolf-logo-boxed.png\",\"width\":900,\"height\":190,\"caption\":\"Logicalgolf\"},\"image\":{\"@id\":\"https:\/\/www.logicalgolf.com\/#\/schema\/logo\/image\/\"},\"sameAs\":[\"https:\/\/www.facebook.com\/logicalgolf.europe\",\"https:\/\/x.com\/logicalgolf\",\"https:\/\/www.instagram.com\/logicalgolf.official\",\"https:\/\/www.youtube.com\/user\/logicalgolf\"]}]}<\/script>\n<!-- \/ Yoast SEO plugin. -->","yoast_head_json":{"title":"Logicalrelease - Logical Golf","robots":{"index":"index","follow":"follow","max-snippet":"max-snippet:-1","max-image-preview":"max-image-preview:large","max-video-preview":"max-video-preview:-1"},"canonical":"https:\/\/www.logicalgolf.com\/de\/shop\/logicalresistance\/logicalrelease\/","og_locale":"de_DE","og_type":"article","og_title":"Logicalrelease - Logical Golf","og_description":"Logicalrelease leitet die Handgelenke zum perfekten Release. Die in Verbindung mit dem Seilzug dynamisch agierenden Winkel von Logicalrelease vermitteln dem Golfer das Gef\u00fchl der Beugung des f\u00fchrenden Handr\u00fcckens, die Grundvoraussetzung f\u00fcr einen sp\u00e4ten und kraftvollen Release.  Der vorgeformte Griff sorgt f\u00fcr den richtigen Kontakt der H\u00e4nde, somit werden die golfrelevanten Muskeln intensiv angesprochen. Verbunden mit\u00a0unseren Logicalresistance Produkten\u00a0oder einem vergleichbaren Seilzusystem\u00a0erm\u00f6glicht dieses Tool jedem Golfer, eine der wichtigsten Kernbewegungen des Golfschwungs zu f\u00fchlen, zu verstehen und im eigenen Schwung zu etablieren. Besonders Slicer werden von Logicalrelease profitieren.  &nbsp;","og_url":"https:\/\/www.logicalgolf.com\/de\/shop\/logicalresistance\/logicalrelease\/","og_site_name":"Logical Golf","article_publisher":"https:\/\/www.facebook.com\/logicalgolf.europe","article_modified_time":"2021-10-25T13:25:31+00:00","og_image":[{"width":1200,"height":1200,"url":"https:\/\/www.logicalgolf.com\/wp-content\/uploads\/Logicalrelease_02-scaled.jpg","type":"image\/jpeg"}],"twitter_card":"summary_large_image","twitter_site":"@logicalgolf","twitter_misc":{"Gesch\u00e4tzte Lesezeit":"1\u00a0Minute"},"schema":{"@context":"https:\/\/schema.org","@graph":[{"@type":"WebPage","@id":"https:\/\/www.logicalgolf.com\/de\/shop\/logicalresistance\/logicalrelease\/","url":"https:\/\/www.logicalgolf.com\/de\/shop\/logicalresistance\/logicalrelease\/","name":"Logicalrelease - Logical Golf","isPartOf":{"@id":"https:\/\/www.logicalgolf.com\/#website"},"primaryImageOfPage":{"@id":"https:\/\/www.logicalgolf.com\/de\/shop\/logicalresistance\/logicalrelease\/#primaryimage"},"image":{"@id":"https:\/\/www.logicalgolf.com\/de\/shop\/logicalresistance\/logicalrelease\/#primaryimage"},"thumbnailUrl":"https:\/\/www.logicalgolf.com\/wp-content\/uploads\/Logicalrelease_02-scaled.jpg","datePublished":"2020-01-28T08:15:37+00:00","dateModified":"2021-10-25T13:25:31+00:00","breadcrumb":{"@id":"https:\/\/www.logicalgolf.com\/de\/shop\/logicalresistance\/logicalrelease\/#breadcrumb"},"inLanguage":"de","potentialAction":[{"@type":"ReadAction","target":["https:\/\/www.logicalgolf.com\/de\/shop\/logicalresistance\/logicalrelease\/"]}]},{"@type":"ImageObject","inLanguage":"de","@id":"https:\/\/www.logicalgolf.com\/de\/shop\/logicalresistance\/logicalrelease\/#primaryimage","url":"https:\/\/www.logicalgolf.com\/wp-content\/uploads\/Logicalrelease_02-scaled.jpg","contentUrl":"https:\/\/www.logicalgolf.com\/wp-content\/uploads\/Logicalrelease_02-scaled.jpg","width":1200,"height":1200},{"@type":"BreadcrumbList","@id":"https:\/\/www.logicalgolf.com\/de\/shop\/logicalresistance\/logicalrelease\/#breadcrumb","itemListElement":[{"@type":"ListItem","position":1,"name":"Home","item":"https:\/\/www.logicalgolf.com\/de\/"},{"@type":"ListItem","position":2,"name":"Shop","item":"https:\/\/www.logicalgolf.com\/de\/shop\/"},{"@type":"ListItem","position":3,"name":"Logicalrelease"}]},{"@type":"WebSite","@id":"https:\/\/www.logicalgolf.com\/#website","url":"https:\/\/www.logicalgolf.com\/","name":"Logical Golf","description":"Bridging the Gap between Golf and Fitness","publisher":{"@id":"https:\/\/www.logicalgolf.com\/#organization"},"potentialAction":[{"@type":"SearchAction","target":{"@type":"EntryPoint","urlTemplate":"https:\/\/www.logicalgolf.com\/?s={search_term_string}"},"query-input":{"@type":"PropertyValueSpecification","valueRequired":true,"valueName":"search_term_string"}}],"inLanguage":"de"},{"@type":"Organization","@id":"https:\/\/www.logicalgolf.com\/#organization","name":"Logicalgolf","url":"https:\/\/www.logicalgolf.com\/","logo":{"@type":"ImageObject","inLanguage":"de","@id":"https:\/\/www.logicalgolf.com\/#\/schema\/logo\/image\/","url":"https:\/\/www.logicalgolf.com\/wp-content\/uploads\/logicalgolf-logo-boxed.png","contentUrl":"https:\/\/www.logicalgolf.com\/wp-content\/uploads\/logicalgolf-logo-boxed.png","width":900,"height":190,"caption":"Logicalgolf"},"image":{"@id":"https:\/\/www.logicalgolf.com\/#\/schema\/logo\/image\/"},"sameAs":["https:\/\/www.facebook.com\/logicalgolf.europe","https:\/\/x.com\/logicalgolf","https:\/\/www.instagram.com\/logicalgolf.official","https:\/\/www.youtube.com\/user\/logicalgolf"]}]}},"_links":{"self":[{"href":"https:\/\/www.logicalgolf.com\/de\/wp-json\/wp\/v2\/product\/3021","targetHints":{"allow":["GET"]}}],"collection":[{"href":"https:\/\/www.logicalgolf.com\/de\/wp-json\/wp\/v2\/product"}],"about":[{"href":"https:\/\/www.logicalgolf.com\/de\/wp-json\/wp\/v2\/types\/product"}],"replies":[{"embeddable":true,"href":"https:\/\/www.logicalgolf.com\/de\/wp-json\/wp\/v2\/comments?post=3021"}],"wp:featuredmedia":[{"embeddable":true,"href":"https:\/\/www.logicalgolf.com\/de\/wp-json\/wp\/v2\/media\/3012"}],"wp:attachment":[{"href":"https:\/\/www.logicalgolf.com\/de\/wp-json\/wp\/v2\/media?parent=3021"}],"wp:term":[{"taxonomy":"product_brand","embeddable":true,"href":"https:\/\/www.logicalgolf.com\/de\/wp-json\/wp\/v2\/product_brand?post=3021"},{"taxonomy":"product_cat","embeddable":true,"href":"https:\/\/www.logicalgolf.com\/de\/wp-json\/wp\/v2\/product_cat?post=3021"},{"taxonomy":"product_tag","embeddable":true,"href":"https:\/\/www.logicalgolf.com\/de\/wp-json\/wp\/v2\/product_tag?post=3021"}],"curies":[{"name":"wp","href":"https:\/\/api.w.org\/{rel}","templated":true}]}}