{"id":2068,"date":"2018-04-10T10:57:44","date_gmt":"2018-04-10T08:57:44","guid":{"rendered":"https:\/\/www.logicalgolf.com\/?post_type=product&#038;p=2068\/"},"modified":"2026-03-31T15:27:07","modified_gmt":"2026-03-31T13:27:07","slug":"club-series-short","status":"publish","type":"product","link":"https:\/\/www.logicalgolf.com\/de\/shop\/club-series\/club-series-short\/","title":{"rendered":"Club Series &#8222;Kids Into Golf&#8220; &#8211; Short"},"content":{"rendered":"<div class=\"wpb-content-wrapper\"><p>[vc_row el_class=&#8220;wcshop-video&#8220;][vc_column][vc_video link=&#8220;https:\/\/vimeo.com\/724775398\/cb96dc32e7?fl=ip&amp;fe=ec&#8220; align=&#8220;center&#8220; css=&#8220;&#8220;][\/vc_column][\/vc_row][vc_row el_class=&#8220;wcshop-video&#8220;][vc_column][\/vc_column][\/vc_row][vc_row el_class=&#8220;wcshop-targets&#8220;][vc_column][vc_column_text]Target Training Area[\/vc_column_text][vc_row_inner][vc_column_inner width=&#8220;1\/4&#8243;][vc_pie value=&#8220;100&#8243; label_value=&#8220;100&#8243; color=&#8220;#9d9d9c&#8220; color_mode=&#8220;custom&#8220; title=&#8220;Power&#8220; el_class=&#8220;target-power&#8220;][\/vc_column_inner][vc_column_inner width=&#8220;1\/4&#8243;][vc_pie value=&#8220;100&#8243; label_value=&#8220;100&#8243; color=&#8220;#8aacbf&#8220; color_mode=&#8220;custom&#8220; title=&#8220;Coordination&#8220; el_class=&#8220;target-coordination&#8220;][\/vc_column_inner][vc_column_inner width=&#8220;1\/4&#8243;][vc_pie value=&#8220;100&#8243; label_value=&#8220;100&#8243; color=&#8220;#8ebf8a&#8220; color_mode=&#8220;custom&#8220; title=&#8220;Short Game&#8220; el_class=&#8220;target-shortgame&#8220;][\/vc_column_inner][vc_column_inner width=&#8220;1\/4&#8243;][vc_pie value=&#8220;100&#8243; label_value=&#8220;100&#8243; color=&#8220;#a98abf&#8220; color_mode=&#8220;custom&#8220; title=&#8220;Straight Shots&#8220; el_class=&#8220;target-straightshots&#8220;][\/vc_column_inner][\/vc_row_inner][\/vc_column][\/vc_row]<\/p>\n<\/div>","protected":false},"excerpt":{"rendered":"<p>Die Club Series wurden von uns entwickelt, um auf Kurzdistanz realistische Golfschl\u00e4ge mit echtem Ballflug trainieren zu k\u00f6nnen. Loft und Ball sind so aufeinander abgestimmt, dass s\u00e4mtliche Schl\u00e4ge des Golfspiels trainiert und verbessert werden k\u00f6nnen.<\/p>\n<p>GR\u00d6SSE: Short (f\u00fcr Kinder im Alter von ca. 5-8 Jahren)<\/p>\n<p>LIEFERUMFANG:<\/p>\n<p>Enth\u00e4lt 1 Club Series Bag mit 3 Schl\u00e4gern (Putter, Wedge, Iron) und 8 Club Series B\u00e4llen.<\/p>\n","protected":false},"featured_media":4661,"comment_status":"closed","ping_status":"closed","template":"","meta":{"_acf_changed":false},"product_brand":[],"product_cat":[29,88],"product_tag":[100,127],"class_list":{"0":"post-2068","1":"product","2":"type-product","3":"status-publish","4":"has-post-thumbnail","6":"product_cat-club-series","7":"product_cat-kids-series","8":"product_tag-on-demand","9":"product_tag-startpage","10":"product_shipping_class-clubseries","12":"first","13":"instock","14":"taxable","15":"shipping-taxable","16":"purchasable","17":"product-type-simple"},"acf":[],"yoast_head":"<!-- This site is optimized with the Yoast SEO plugin v26.5 - https:\/\/yoast.com\/wordpress\/plugins\/seo\/ -->\n<title>Club Series &quot;Kids Into Golf&quot; - Short - Logical Golf<\/title>\n<meta name=\"robots\" content=\"index, follow, max-snippet:-1, max-image-preview:large, max-video-preview:-1\" \/>\n<link rel=\"canonical\" href=\"https:\/\/www.logicalgolf.com\/de\/shop\/club-series\/club-series-short\/\" \/>\n<meta property=\"og:locale\" content=\"de_DE\" \/>\n<meta property=\"og:type\" content=\"article\" \/>\n<meta property=\"og:title\" content=\"Club Series &quot;Kids Into Golf&quot; - Short - Logical Golf\" \/>\n<meta property=\"og:description\" content=\"Die Club Series wurden von uns entwickelt, um auf Kurzdistanz realistische Golfschl\u00e4ge mit echtem Ballflug trainieren zu k\u00f6nnen. Loft und Ball sind so aufeinander abgestimmt, dass s\u00e4mtliche Schl\u00e4ge des Golfspiels trainiert und verbessert werden k\u00f6nnen.  GR\u00d6SSE: Short (f\u00fcr Kinder im Alter von ca. 5-8 Jahren)  LIEFERUMFANG:  Enth\u00e4lt 1 Club Series Bag mit 3 Schl\u00e4gern (Putter, Wedge, Iron) und 8 Club Series B\u00e4llen.\" \/>\n<meta property=\"og:url\" content=\"https:\/\/www.logicalgolf.com\/de\/shop\/club-series\/club-series-short\/\" \/>\n<meta property=\"og:site_name\" content=\"Logical Golf\" \/>\n<meta property=\"article:publisher\" content=\"https:\/\/www.facebook.com\/logicalgolf.europe\" \/>\n<meta property=\"article:modified_time\" content=\"2026-03-31T13:27:07+00:00\" \/>\n<meta property=\"og:image\" content=\"https:\/\/www.logicalgolf.com\/wp-content\/uploads\/club-series-kids-label-1.jpg\" \/>\n\t<meta property=\"og:image:width\" content=\"1200\" \/>\n\t<meta property=\"og:image:height\" content=\"1200\" \/>\n\t<meta property=\"og:image:type\" content=\"image\/jpeg\" \/>\n<meta name=\"twitter:card\" content=\"summary_large_image\" \/>\n<meta name=\"twitter:site\" content=\"@logicalgolf\" \/>\n<meta name=\"twitter:label1\" content=\"Gesch\u00e4tzte Lesezeit\" \/>\n\t<meta name=\"twitter:data1\" content=\"1\u00a0Minute\" \/>\n<script type=\"application\/ld+json\" class=\"yoast-schema-graph\">{\"@context\":\"https:\/\/schema.org\",\"@graph\":[{\"@type\":\"WebPage\",\"@id\":\"https:\/\/www.logicalgolf.com\/de\/shop\/club-series\/club-series-short\/\",\"url\":\"https:\/\/www.logicalgolf.com\/de\/shop\/club-series\/club-series-short\/\",\"name\":\"Club Series \\\"Kids Into Golf\\\" - Short - Logical Golf\",\"isPartOf\":{\"@id\":\"https:\/\/www.logicalgolf.com\/#website\"},\"primaryImageOfPage\":{\"@id\":\"https:\/\/www.logicalgolf.com\/de\/shop\/club-series\/club-series-short\/#primaryimage\"},\"image\":{\"@id\":\"https:\/\/www.logicalgolf.com\/de\/shop\/club-series\/club-series-short\/#primaryimage\"},\"thumbnailUrl\":\"https:\/\/www.logicalgolf.com\/wp-content\/uploads\/KIG_Bag-scaled.jpg\",\"datePublished\":\"2018-04-10T08:57:44+00:00\",\"dateModified\":\"2026-03-31T13:27:07+00:00\",\"breadcrumb\":{\"@id\":\"https:\/\/www.logicalgolf.com\/de\/shop\/club-series\/club-series-short\/#breadcrumb\"},\"inLanguage\":\"de\",\"potentialAction\":[{\"@type\":\"ReadAction\",\"target\":[\"https:\/\/www.logicalgolf.com\/de\/shop\/club-series\/club-series-short\/\"]}]},{\"@type\":\"ImageObject\",\"inLanguage\":\"de\",\"@id\":\"https:\/\/www.logicalgolf.com\/de\/shop\/club-series\/club-series-short\/#primaryimage\",\"url\":\"https:\/\/www.logicalgolf.com\/wp-content\/uploads\/KIG_Bag-scaled.jpg\",\"contentUrl\":\"https:\/\/www.logicalgolf.com\/wp-content\/uploads\/KIG_Bag-scaled.jpg\",\"width\":2560,\"height\":2560},{\"@type\":\"BreadcrumbList\",\"@id\":\"https:\/\/www.logicalgolf.com\/de\/shop\/club-series\/club-series-short\/#breadcrumb\",\"itemListElement\":[{\"@type\":\"ListItem\",\"position\":1,\"name\":\"Home\",\"item\":\"https:\/\/www.logicalgolf.com\/de\/\"},{\"@type\":\"ListItem\",\"position\":2,\"name\":\"Shop\",\"item\":\"https:\/\/www.logicalgolf.com\/de\/shop\/\"},{\"@type\":\"ListItem\",\"position\":3,\"name\":\"Club Series Short\"}]},{\"@type\":\"WebSite\",\"@id\":\"https:\/\/www.logicalgolf.com\/#website\",\"url\":\"https:\/\/www.logicalgolf.com\/\",\"name\":\"Logical Golf\",\"description\":\"Bridging the Gap between Golf and Fitness\",\"publisher\":{\"@id\":\"https:\/\/www.logicalgolf.com\/#organization\"},\"potentialAction\":[{\"@type\":\"SearchAction\",\"target\":{\"@type\":\"EntryPoint\",\"urlTemplate\":\"https:\/\/www.logicalgolf.com\/?s={search_term_string}\"},\"query-input\":{\"@type\":\"PropertyValueSpecification\",\"valueRequired\":true,\"valueName\":\"search_term_string\"}}],\"inLanguage\":\"de\"},{\"@type\":\"Organization\",\"@id\":\"https:\/\/www.logicalgolf.com\/#organization\",\"name\":\"Logicalgolf\",\"url\":\"https:\/\/www.logicalgolf.com\/\",\"logo\":{\"@type\":\"ImageObject\",\"inLanguage\":\"de\",\"@id\":\"https:\/\/www.logicalgolf.com\/#\/schema\/logo\/image\/\",\"url\":\"https:\/\/www.logicalgolf.com\/wp-content\/uploads\/logicalgolf-logo-boxed.png\",\"contentUrl\":\"https:\/\/www.logicalgolf.com\/wp-content\/uploads\/logicalgolf-logo-boxed.png\",\"width\":900,\"height\":190,\"caption\":\"Logicalgolf\"},\"image\":{\"@id\":\"https:\/\/www.logicalgolf.com\/#\/schema\/logo\/image\/\"},\"sameAs\":[\"https:\/\/www.facebook.com\/logicalgolf.europe\",\"https:\/\/x.com\/logicalgolf\",\"https:\/\/www.instagram.com\/logicalgolf.official\",\"https:\/\/www.youtube.com\/user\/logicalgolf\"]}]}<\/script>\n<!-- \/ Yoast SEO plugin. -->","yoast_head_json":{"title":"Club Series \"Kids Into Golf\" - Short - Logical Golf","robots":{"index":"index","follow":"follow","max-snippet":"max-snippet:-1","max-image-preview":"max-image-preview:large","max-video-preview":"max-video-preview:-1"},"canonical":"https:\/\/www.logicalgolf.com\/de\/shop\/club-series\/club-series-short\/","og_locale":"de_DE","og_type":"article","og_title":"Club Series \"Kids Into Golf\" - Short - Logical Golf","og_description":"Die Club Series wurden von uns entwickelt, um auf Kurzdistanz realistische Golfschl\u00e4ge mit echtem Ballflug trainieren zu k\u00f6nnen. Loft und Ball sind so aufeinander abgestimmt, dass s\u00e4mtliche Schl\u00e4ge des Golfspiels trainiert und verbessert werden k\u00f6nnen.  GR\u00d6SSE: Short (f\u00fcr Kinder im Alter von ca. 5-8 Jahren)  LIEFERUMFANG:  Enth\u00e4lt 1 Club Series Bag mit 3 Schl\u00e4gern (Putter, Wedge, Iron) und 8 Club Series B\u00e4llen.","og_url":"https:\/\/www.logicalgolf.com\/de\/shop\/club-series\/club-series-short\/","og_site_name":"Logical Golf","article_publisher":"https:\/\/www.facebook.com\/logicalgolf.europe","article_modified_time":"2026-03-31T13:27:07+00:00","og_image":[{"width":1200,"height":1200,"url":"https:\/\/www.logicalgolf.com\/wp-content\/uploads\/club-series-kids-label-1.jpg","type":"image\/jpeg"}],"twitter_card":"summary_large_image","twitter_site":"@logicalgolf","twitter_misc":{"Gesch\u00e4tzte Lesezeit":"1\u00a0Minute"},"schema":{"@context":"https:\/\/schema.org","@graph":[{"@type":"WebPage","@id":"https:\/\/www.logicalgolf.com\/de\/shop\/club-series\/club-series-short\/","url":"https:\/\/www.logicalgolf.com\/de\/shop\/club-series\/club-series-short\/","name":"Club Series \"Kids Into Golf\" - Short - Logical Golf","isPartOf":{"@id":"https:\/\/www.logicalgolf.com\/#website"},"primaryImageOfPage":{"@id":"https:\/\/www.logicalgolf.com\/de\/shop\/club-series\/club-series-short\/#primaryimage"},"image":{"@id":"https:\/\/www.logicalgolf.com\/de\/shop\/club-series\/club-series-short\/#primaryimage"},"thumbnailUrl":"https:\/\/www.logicalgolf.com\/wp-content\/uploads\/KIG_Bag-scaled.jpg","datePublished":"2018-04-10T08:57:44+00:00","dateModified":"2026-03-31T13:27:07+00:00","breadcrumb":{"@id":"https:\/\/www.logicalgolf.com\/de\/shop\/club-series\/club-series-short\/#breadcrumb"},"inLanguage":"de","potentialAction":[{"@type":"ReadAction","target":["https:\/\/www.logicalgolf.com\/de\/shop\/club-series\/club-series-short\/"]}]},{"@type":"ImageObject","inLanguage":"de","@id":"https:\/\/www.logicalgolf.com\/de\/shop\/club-series\/club-series-short\/#primaryimage","url":"https:\/\/www.logicalgolf.com\/wp-content\/uploads\/KIG_Bag-scaled.jpg","contentUrl":"https:\/\/www.logicalgolf.com\/wp-content\/uploads\/KIG_Bag-scaled.jpg","width":2560,"height":2560},{"@type":"BreadcrumbList","@id":"https:\/\/www.logicalgolf.com\/de\/shop\/club-series\/club-series-short\/#breadcrumb","itemListElement":[{"@type":"ListItem","position":1,"name":"Home","item":"https:\/\/www.logicalgolf.com\/de\/"},{"@type":"ListItem","position":2,"name":"Shop","item":"https:\/\/www.logicalgolf.com\/de\/shop\/"},{"@type":"ListItem","position":3,"name":"Club Series Short"}]},{"@type":"WebSite","@id":"https:\/\/www.logicalgolf.com\/#website","url":"https:\/\/www.logicalgolf.com\/","name":"Logical Golf","description":"Bridging the Gap between Golf and Fitness","publisher":{"@id":"https:\/\/www.logicalgolf.com\/#organization"},"potentialAction":[{"@type":"SearchAction","target":{"@type":"EntryPoint","urlTemplate":"https:\/\/www.logicalgolf.com\/?s={search_term_string}"},"query-input":{"@type":"PropertyValueSpecification","valueRequired":true,"valueName":"search_term_string"}}],"inLanguage":"de"},{"@type":"Organization","@id":"https:\/\/www.logicalgolf.com\/#organization","name":"Logicalgolf","url":"https:\/\/www.logicalgolf.com\/","logo":{"@type":"ImageObject","inLanguage":"de","@id":"https:\/\/www.logicalgolf.com\/#\/schema\/logo\/image\/","url":"https:\/\/www.logicalgolf.com\/wp-content\/uploads\/logicalgolf-logo-boxed.png","contentUrl":"https:\/\/www.logicalgolf.com\/wp-content\/uploads\/logicalgolf-logo-boxed.png","width":900,"height":190,"caption":"Logicalgolf"},"image":{"@id":"https:\/\/www.logicalgolf.com\/#\/schema\/logo\/image\/"},"sameAs":["https:\/\/www.facebook.com\/logicalgolf.europe","https:\/\/x.com\/logicalgolf","https:\/\/www.instagram.com\/logicalgolf.official","https:\/\/www.youtube.com\/user\/logicalgolf"]}]}},"_links":{"self":[{"href":"https:\/\/www.logicalgolf.com\/de\/wp-json\/wp\/v2\/product\/2068","targetHints":{"allow":["GET"]}}],"collection":[{"href":"https:\/\/www.logicalgolf.com\/de\/wp-json\/wp\/v2\/product"}],"about":[{"href":"https:\/\/www.logicalgolf.com\/de\/wp-json\/wp\/v2\/types\/product"}],"replies":[{"embeddable":true,"href":"https:\/\/www.logicalgolf.com\/de\/wp-json\/wp\/v2\/comments?post=2068"}],"wp:featuredmedia":[{"embeddable":true,"href":"https:\/\/www.logicalgolf.com\/de\/wp-json\/wp\/v2\/media\/4661"}],"wp:attachment":[{"href":"https:\/\/www.logicalgolf.com\/de\/wp-json\/wp\/v2\/media?parent=2068"}],"wp:term":[{"taxonomy":"product_brand","embeddable":true,"href":"https:\/\/www.logicalgolf.com\/de\/wp-json\/wp\/v2\/product_brand?post=2068"},{"taxonomy":"product_cat","embeddable":true,"href":"https:\/\/www.logicalgolf.com\/de\/wp-json\/wp\/v2\/product_cat?post=2068"},{"taxonomy":"product_tag","embeddable":true,"href":"https:\/\/www.logicalgolf.com\/de\/wp-json\/wp\/v2\/product_tag?post=2068"}],"curies":[{"name":"wp","href":"https:\/\/api.w.org\/{rel}","templated":true}]}}