{"id":1577,"date":"2016-12-07T14:59:35","date_gmt":"2016-12-07T13:59:35","guid":{"rendered":"https:\/\/www.logicalgolf.com\/logicalresistance\/xmas-special-trainingsset\/"},"modified":"2024-12-03T10:44:58","modified_gmt":"2024-12-03T09:44:58","slug":"xmas-special-trainingsset","status":"publish","type":"product","link":"https:\/\/www.logicalgolf.com\/de\/shop\/logicalresistance\/xmas-special-trainingsset\/","title":{"rendered":"Resistance Edition Set"},"content":{"rendered":"<div class=\"wpb-content-wrapper\"><p>[vc_row el_class=&#8220;wcshop-video&#8220;][vc_column][vc_video link=&#8220;https:\/\/vimeo.com\/album\/4118592\/video\/171077905&#8243; align=&#8220;center&#8220;][\/vc_column][\/vc_row]<\/p>\n<\/div>","protected":false},"excerpt":{"rendered":"<h3>Logicalresistance Wall, Restistance Edition Bag Golf, Connection Set Universal &amp; Videopaket<\/h3>\n<p>&nbsp;<\/p>\n<p>F\u00fcr das nachhaltige Golftraining\u00a0bietet Logicalgolf mit\u00a0den Resistance Edition Produkten jetzt eine neue und effektive L\u00f6sung. Platzsparend,\u00a0flexibel und benutzerfreundlich erm\u00f6glicht die Logicalresistance\u00a0Wall ein effektives Training mit Seilz\u00fcgen, die sich einfach und schnell wechseln lassen. Zusammen mit dem Resistance Edition Bag Golf, den passenden Karabinern und dem Videopaket erhalten Sie ein komplettes Paket, mit dem Sie bequem von zu Hause aus Ihre Technik trainieren k\u00f6nnen. Das\u00a0Videopaket beinhaltet alle Grund\u00fcbungen der Resistance Edition Produkte und Erkl\u00e4rungen zur korrekten Ausf\u00fchrung.<\/p>\n<p><strong>LIEFERUMFANG:<\/strong><\/p>\n<p><strong>Logicalresistance Wall<\/strong><br \/>\nMaterial: Aluminium, VA Edelstahl, POM, Silikon<br \/>\nWandeinheit Seilz\u00fcge (3-STK-Set)<br \/>\nMontageset<\/p>\n<p><strong>Resistance Edition Bag Golf<\/strong><br \/>\nMaterial: Nylon, Schaum<br \/>\nLogicalextension Hip<br \/>\nLogicalextension Shoulder<br \/>\nLogicalpivot<br \/>\nLogicalbrace (S, M, L)<br \/>\nLogicalbraces SG<br \/>\nLogicalgrip (LH, RH)<br \/>\nLogicalgrip Back (LH, RH)<\/p>\n<p><strong>Connection Set\u00a0Universal<\/strong><br \/>\nMaterial: VA Edelstahl<br \/>\n10 Sicherheitskarabiner<\/p>\n<p><strong>Resistance Edition Video<\/strong><\/p>\n<p>13 Videos mit allen Basis\u00fcbungen der Logicalaccessories und Erkl\u00e4rungen zur korrekten Ausf\u00fchrung (auf deutsch und englisch verf\u00fcgbar). Den Zugang zum Videoportal erhalten Sie nach Kauf in einer separaten Email.<\/p>\n<p>&nbsp;<\/p>\n<p>&nbsp;<\/p>\n","protected":false},"featured_media":2842,"comment_status":"closed","ping_status":"closed","template":"","meta":{"_acf_changed":false},"product_brand":[],"product_cat":[23],"product_tag":[100,120],"class_list":{"0":"post-1577","1":"product","2":"type-product","3":"status-publish","4":"has-post-thumbnail","6":"product_cat-logicalresistance","7":"product_tag-on-demand","8":"product_tag-show-america","9":"product_shipping_class-logicalaccessories","11":"first","12":"instock","13":"taxable","14":"shipping-taxable","15":"purchasable","16":"product-type-simple"},"acf":[],"yoast_head":"<!-- This site is optimized with the Yoast SEO plugin v26.5 - https:\/\/yoast.com\/wordpress\/plugins\/seo\/ -->\n<title>Resistance Edition Set - Logical Golf<\/title>\n<meta name=\"robots\" content=\"index, follow, max-snippet:-1, max-image-preview:large, max-video-preview:-1\" \/>\n<link rel=\"canonical\" href=\"https:\/\/www.logicalgolf.com\/de\/shop\/logicalresistance\/xmas-special-trainingsset\/\" \/>\n<meta property=\"og:locale\" content=\"de_DE\" \/>\n<meta property=\"og:type\" content=\"article\" \/>\n<meta property=\"og:title\" content=\"Resistance Edition Set - Logical Golf\" \/>\n<meta property=\"og:description\" content=\"Logicalresistance Wall, Restistance Edition Bag Golf, Connection Set Universal &amp; Videopaket &nbsp;  F\u00fcr das nachhaltige Golftraining\u00a0bietet Logicalgolf mit\u00a0den Resistance Edition Produkten jetzt eine neue und effektive L\u00f6sung. Platzsparend,\u00a0flexibel und benutzerfreundlich erm\u00f6glicht die Logicalresistance\u00a0Wall ein effektives Training mit Seilz\u00fcgen, die sich einfach und schnell wechseln lassen. Zusammen mit dem Resistance Edition Bag Golf, den passenden Karabinern und dem Videopaket erhalten Sie ein komplettes Paket, mit dem Sie bequem von zu Hause aus Ihre Technik trainieren k\u00f6nnen. Das\u00a0Videopaket beinhaltet alle Grund\u00fcbungen der Resistance Edition Produkte und Erkl\u00e4rungen zur korrekten Ausf\u00fchrung.  LIEFERUMFANG:  Logicalresistance Wall Material: Aluminium, VA Edelstahl, POM, Silikon Wandeinheit Seilz\u00fcge (3-STK-Set) Montageset  Resistance Edition Bag Golf Material: Nylon, Schaum Logicalextension Hip Logicalextension Shoulder Logicalpivot Logicalbrace (S, M, L) Logicalbraces SG Logicalgrip (LH, RH) Logicalgrip Back (LH, RH)  Connection Set\u00a0Universal Material: VA Edelstahl 10 Sicherheitskarabiner  Resistance Edition Video  13 Videos mit allen Basis\u00fcbungen der Logicalaccessories und Erkl\u00e4rungen zur korrekten Ausf\u00fchrung (auf deutsch und englisch verf\u00fcgbar). Den Zugang zum Videoportal erhalten Sie nach Kauf in einer separaten Email.  &nbsp;  &nbsp;\" \/>\n<meta property=\"og:url\" content=\"https:\/\/www.logicalgolf.com\/de\/shop\/logicalresistance\/xmas-special-trainingsset\/\" \/>\n<meta property=\"og:site_name\" content=\"Logical Golf\" \/>\n<meta property=\"article:publisher\" content=\"https:\/\/www.facebook.com\/logicalgolf.europe\" \/>\n<meta property=\"article:modified_time\" content=\"2024-12-03T09:44:58+00:00\" \/>\n<meta property=\"og:image\" content=\"https:\/\/www.logicalgolf.com\/wp-content\/uploads\/Logicalresistance-SET.jpg\" \/>\n\t<meta property=\"og:image:width\" content=\"1200\" \/>\n\t<meta property=\"og:image:height\" content=\"1200\" \/>\n\t<meta property=\"og:image:type\" content=\"image\/jpeg\" \/>\n<meta name=\"twitter:card\" content=\"summary_large_image\" \/>\n<meta name=\"twitter:site\" content=\"@logicalgolf\" \/>\n<script type=\"application\/ld+json\" class=\"yoast-schema-graph\">{\"@context\":\"https:\/\/schema.org\",\"@graph\":[{\"@type\":\"WebPage\",\"@id\":\"https:\/\/www.logicalgolf.com\/de\/shop\/logicalresistance\/xmas-special-trainingsset\/\",\"url\":\"https:\/\/www.logicalgolf.com\/de\/shop\/logicalresistance\/xmas-special-trainingsset\/\",\"name\":\"Resistance Edition Set - Logical Golf\",\"isPartOf\":{\"@id\":\"https:\/\/www.logicalgolf.com\/#website\"},\"primaryImageOfPage\":{\"@id\":\"https:\/\/www.logicalgolf.com\/de\/shop\/logicalresistance\/xmas-special-trainingsset\/#primaryimage\"},\"image\":{\"@id\":\"https:\/\/www.logicalgolf.com\/de\/shop\/logicalresistance\/xmas-special-trainingsset\/#primaryimage\"},\"thumbnailUrl\":\"https:\/\/www.logicalgolf.com\/wp-content\/uploads\/Logicalresistance-SET.jpg\",\"datePublished\":\"2016-12-07T13:59:35+00:00\",\"dateModified\":\"2024-12-03T09:44:58+00:00\",\"breadcrumb\":{\"@id\":\"https:\/\/www.logicalgolf.com\/de\/shop\/logicalresistance\/xmas-special-trainingsset\/#breadcrumb\"},\"inLanguage\":\"de\",\"potentialAction\":[{\"@type\":\"ReadAction\",\"target\":[\"https:\/\/www.logicalgolf.com\/de\/shop\/logicalresistance\/xmas-special-trainingsset\/\"]}]},{\"@type\":\"ImageObject\",\"inLanguage\":\"de\",\"@id\":\"https:\/\/www.logicalgolf.com\/de\/shop\/logicalresistance\/xmas-special-trainingsset\/#primaryimage\",\"url\":\"https:\/\/www.logicalgolf.com\/wp-content\/uploads\/Logicalresistance-SET.jpg\",\"contentUrl\":\"https:\/\/www.logicalgolf.com\/wp-content\/uploads\/Logicalresistance-SET.jpg\",\"width\":1200,\"height\":1200},{\"@type\":\"BreadcrumbList\",\"@id\":\"https:\/\/www.logicalgolf.com\/de\/shop\/logicalresistance\/xmas-special-trainingsset\/#breadcrumb\",\"itemListElement\":[{\"@type\":\"ListItem\",\"position\":1,\"name\":\"Home\",\"item\":\"https:\/\/www.logicalgolf.com\/de\/\"},{\"@type\":\"ListItem\",\"position\":2,\"name\":\"Shop\",\"item\":\"https:\/\/www.logicalgolf.com\/de\/shop\/\"},{\"@type\":\"ListItem\",\"position\":3,\"name\":\"Resistance Edition Set\"}]},{\"@type\":\"WebSite\",\"@id\":\"https:\/\/www.logicalgolf.com\/#website\",\"url\":\"https:\/\/www.logicalgolf.com\/\",\"name\":\"Logical Golf\",\"description\":\"Bridging the Gap between Golf and Fitness\",\"publisher\":{\"@id\":\"https:\/\/www.logicalgolf.com\/#organization\"},\"potentialAction\":[{\"@type\":\"SearchAction\",\"target\":{\"@type\":\"EntryPoint\",\"urlTemplate\":\"https:\/\/www.logicalgolf.com\/?s={search_term_string}\"},\"query-input\":{\"@type\":\"PropertyValueSpecification\",\"valueRequired\":true,\"valueName\":\"search_term_string\"}}],\"inLanguage\":\"de\"},{\"@type\":\"Organization\",\"@id\":\"https:\/\/www.logicalgolf.com\/#organization\",\"name\":\"Logicalgolf\",\"url\":\"https:\/\/www.logicalgolf.com\/\",\"logo\":{\"@type\":\"ImageObject\",\"inLanguage\":\"de\",\"@id\":\"https:\/\/www.logicalgolf.com\/#\/schema\/logo\/image\/\",\"url\":\"https:\/\/www.logicalgolf.com\/wp-content\/uploads\/logicalgolf-logo-boxed.png\",\"contentUrl\":\"https:\/\/www.logicalgolf.com\/wp-content\/uploads\/logicalgolf-logo-boxed.png\",\"width\":900,\"height\":190,\"caption\":\"Logicalgolf\"},\"image\":{\"@id\":\"https:\/\/www.logicalgolf.com\/#\/schema\/logo\/image\/\"},\"sameAs\":[\"https:\/\/www.facebook.com\/logicalgolf.europe\",\"https:\/\/x.com\/logicalgolf\",\"https:\/\/www.instagram.com\/logicalgolf.official\",\"https:\/\/www.youtube.com\/user\/logicalgolf\"]}]}<\/script>\n<!-- \/ Yoast SEO plugin. -->","yoast_head_json":{"title":"Resistance Edition Set - Logical Golf","robots":{"index":"index","follow":"follow","max-snippet":"max-snippet:-1","max-image-preview":"max-image-preview:large","max-video-preview":"max-video-preview:-1"},"canonical":"https:\/\/www.logicalgolf.com\/de\/shop\/logicalresistance\/xmas-special-trainingsset\/","og_locale":"de_DE","og_type":"article","og_title":"Resistance Edition Set - Logical Golf","og_description":"Logicalresistance Wall, Restistance Edition Bag Golf, Connection Set Universal &amp; Videopaket &nbsp;  F\u00fcr das nachhaltige Golftraining\u00a0bietet Logicalgolf mit\u00a0den Resistance Edition Produkten jetzt eine neue und effektive L\u00f6sung. Platzsparend,\u00a0flexibel und benutzerfreundlich erm\u00f6glicht die Logicalresistance\u00a0Wall ein effektives Training mit Seilz\u00fcgen, die sich einfach und schnell wechseln lassen. Zusammen mit dem Resistance Edition Bag Golf, den passenden Karabinern und dem Videopaket erhalten Sie ein komplettes Paket, mit dem Sie bequem von zu Hause aus Ihre Technik trainieren k\u00f6nnen. Das\u00a0Videopaket beinhaltet alle Grund\u00fcbungen der Resistance Edition Produkte und Erkl\u00e4rungen zur korrekten Ausf\u00fchrung.  LIEFERUMFANG:  Logicalresistance Wall Material: Aluminium, VA Edelstahl, POM, Silikon Wandeinheit Seilz\u00fcge (3-STK-Set) Montageset  Resistance Edition Bag Golf Material: Nylon, Schaum Logicalextension Hip Logicalextension Shoulder Logicalpivot Logicalbrace (S, M, L) Logicalbraces SG Logicalgrip (LH, RH) Logicalgrip Back (LH, RH)  Connection Set\u00a0Universal Material: VA Edelstahl 10 Sicherheitskarabiner  Resistance Edition Video  13 Videos mit allen Basis\u00fcbungen der Logicalaccessories und Erkl\u00e4rungen zur korrekten Ausf\u00fchrung (auf deutsch und englisch verf\u00fcgbar). Den Zugang zum Videoportal erhalten Sie nach Kauf in einer separaten Email.  &nbsp;  &nbsp;","og_url":"https:\/\/www.logicalgolf.com\/de\/shop\/logicalresistance\/xmas-special-trainingsset\/","og_site_name":"Logical Golf","article_publisher":"https:\/\/www.facebook.com\/logicalgolf.europe","article_modified_time":"2024-12-03T09:44:58+00:00","og_image":[{"width":1200,"height":1200,"url":"https:\/\/www.logicalgolf.com\/wp-content\/uploads\/Logicalresistance-SET.jpg","type":"image\/jpeg"}],"twitter_card":"summary_large_image","twitter_site":"@logicalgolf","schema":{"@context":"https:\/\/schema.org","@graph":[{"@type":"WebPage","@id":"https:\/\/www.logicalgolf.com\/de\/shop\/logicalresistance\/xmas-special-trainingsset\/","url":"https:\/\/www.logicalgolf.com\/de\/shop\/logicalresistance\/xmas-special-trainingsset\/","name":"Resistance Edition Set - Logical Golf","isPartOf":{"@id":"https:\/\/www.logicalgolf.com\/#website"},"primaryImageOfPage":{"@id":"https:\/\/www.logicalgolf.com\/de\/shop\/logicalresistance\/xmas-special-trainingsset\/#primaryimage"},"image":{"@id":"https:\/\/www.logicalgolf.com\/de\/shop\/logicalresistance\/xmas-special-trainingsset\/#primaryimage"},"thumbnailUrl":"https:\/\/www.logicalgolf.com\/wp-content\/uploads\/Logicalresistance-SET.jpg","datePublished":"2016-12-07T13:59:35+00:00","dateModified":"2024-12-03T09:44:58+00:00","breadcrumb":{"@id":"https:\/\/www.logicalgolf.com\/de\/shop\/logicalresistance\/xmas-special-trainingsset\/#breadcrumb"},"inLanguage":"de","potentialAction":[{"@type":"ReadAction","target":["https:\/\/www.logicalgolf.com\/de\/shop\/logicalresistance\/xmas-special-trainingsset\/"]}]},{"@type":"ImageObject","inLanguage":"de","@id":"https:\/\/www.logicalgolf.com\/de\/shop\/logicalresistance\/xmas-special-trainingsset\/#primaryimage","url":"https:\/\/www.logicalgolf.com\/wp-content\/uploads\/Logicalresistance-SET.jpg","contentUrl":"https:\/\/www.logicalgolf.com\/wp-content\/uploads\/Logicalresistance-SET.jpg","width":1200,"height":1200},{"@type":"BreadcrumbList","@id":"https:\/\/www.logicalgolf.com\/de\/shop\/logicalresistance\/xmas-special-trainingsset\/#breadcrumb","itemListElement":[{"@type":"ListItem","position":1,"name":"Home","item":"https:\/\/www.logicalgolf.com\/de\/"},{"@type":"ListItem","position":2,"name":"Shop","item":"https:\/\/www.logicalgolf.com\/de\/shop\/"},{"@type":"ListItem","position":3,"name":"Resistance Edition Set"}]},{"@type":"WebSite","@id":"https:\/\/www.logicalgolf.com\/#website","url":"https:\/\/www.logicalgolf.com\/","name":"Logical Golf","description":"Bridging the Gap between Golf and Fitness","publisher":{"@id":"https:\/\/www.logicalgolf.com\/#organization"},"potentialAction":[{"@type":"SearchAction","target":{"@type":"EntryPoint","urlTemplate":"https:\/\/www.logicalgolf.com\/?s={search_term_string}"},"query-input":{"@type":"PropertyValueSpecification","valueRequired":true,"valueName":"search_term_string"}}],"inLanguage":"de"},{"@type":"Organization","@id":"https:\/\/www.logicalgolf.com\/#organization","name":"Logicalgolf","url":"https:\/\/www.logicalgolf.com\/","logo":{"@type":"ImageObject","inLanguage":"de","@id":"https:\/\/www.logicalgolf.com\/#\/schema\/logo\/image\/","url":"https:\/\/www.logicalgolf.com\/wp-content\/uploads\/logicalgolf-logo-boxed.png","contentUrl":"https:\/\/www.logicalgolf.com\/wp-content\/uploads\/logicalgolf-logo-boxed.png","width":900,"height":190,"caption":"Logicalgolf"},"image":{"@id":"https:\/\/www.logicalgolf.com\/#\/schema\/logo\/image\/"},"sameAs":["https:\/\/www.facebook.com\/logicalgolf.europe","https:\/\/x.com\/logicalgolf","https:\/\/www.instagram.com\/logicalgolf.official","https:\/\/www.youtube.com\/user\/logicalgolf"]}]}},"_links":{"self":[{"href":"https:\/\/www.logicalgolf.com\/de\/wp-json\/wp\/v2\/product\/1577","targetHints":{"allow":["GET"]}}],"collection":[{"href":"https:\/\/www.logicalgolf.com\/de\/wp-json\/wp\/v2\/product"}],"about":[{"href":"https:\/\/www.logicalgolf.com\/de\/wp-json\/wp\/v2\/types\/product"}],"replies":[{"embeddable":true,"href":"https:\/\/www.logicalgolf.com\/de\/wp-json\/wp\/v2\/comments?post=1577"}],"wp:featuredmedia":[{"embeddable":true,"href":"https:\/\/www.logicalgolf.com\/de\/wp-json\/wp\/v2\/media\/2842"}],"wp:attachment":[{"href":"https:\/\/www.logicalgolf.com\/de\/wp-json\/wp\/v2\/media?parent=1577"}],"wp:term":[{"taxonomy":"product_brand","embeddable":true,"href":"https:\/\/www.logicalgolf.com\/de\/wp-json\/wp\/v2\/product_brand?post=1577"},{"taxonomy":"product_cat","embeddable":true,"href":"https:\/\/www.logicalgolf.com\/de\/wp-json\/wp\/v2\/product_cat?post=1577"},{"taxonomy":"product_tag","embeddable":true,"href":"https:\/\/www.logicalgolf.com\/de\/wp-json\/wp\/v2\/product_tag?post=1577"}],"curies":[{"name":"wp","href":"https:\/\/api.w.org\/{rel}","templated":true}]}}