{"id":17,"date":"2016-07-18T13:42:08","date_gmt":"2016-07-18T11:42:08","guid":{"rendered":"https:\/\/www.logicalgolf.com\/impressum\/"},"modified":"2021-10-25T11:43:33","modified_gmt":"2021-10-25T09:43:33","slug":"impressum","status":"publish","type":"page","link":"https:\/\/www.logicalgolf.com\/de\/impressum\/","title":{"rendered":"Impressum"},"content":{"rendered":"<div class=\"wpb-content-wrapper\"><p>[vc_row type=&#8220;width_small&#8220;][vc_column][vc_column_text]<\/p>\n<h2>Impressum<\/h2>\n<p>Logicalgolf Global Investments GmbH<br \/>\nHolstenstra\u00dfe 157<br \/>\n22765 Hamburg<br \/>\nDeutschland<\/p>\n<p>Telefon: +49 (0)40 79021412<\/p>\n<p>E-Mail: info@logicalgolf.com<\/p>\n<p><strong>Gesch\u00e4ftsf\u00fchrer:<br \/>\n<\/strong><br \/>\nRobert Baker<br \/>\nHeiko Wittenfeld<\/p>\n<p>Handelsregister: Amtsgericht Hamburg, HRB 144894<br \/>\nUmsatzsteuer-Identifikationsnummer: DE 287846516<\/p>\n<p>&nbsp;<\/p>\n<p>Die Europ\u00e4ische Kommission stellt eine Plattform zur Online-Streitbeilegung (OS) bereit, die Sie hier finden\u00a0<strong><a href=\"https:\/\/ec.europa.eu\/consumers\/odr\/\">https:\/\/ec.europa.eu\/consumers\/odr\/<\/a><\/strong>.<br \/>\nZur Teilnahme an einem Streitbeilegungsverfahren vor einer Verbraucherschlichtungsstelle sind wir nicht verpflichtet und nicht bereit.<\/p>\n<p>&nbsp;<\/p>\n<p><a href=\"https:\/\/shop.trustedshops.com\/de\/rechtstexte\/\"><strong>Impressum<\/strong><\/a>\u00a0erstellt mit dem\u00a0<a href=\"https:\/\/shop.trustedshops.com\/de\/\"><strong>Trusted Shops<\/strong><\/a>\u00a0Rechtstexter in Kooperation mit<strong>\u00a0<a href=\"https:\/\/foehlisch.com\">F\u00d6HLISCH Rechtsanw\u00e4lte<\/a>.<\/strong><\/p>\n<p>&nbsp;<\/p>\n<p><strong>Icons made by<\/strong><br \/>\n<a title=\"Freepik\" href=\"http:\/\/www.flaticon.com\/authors\/freepik\">Freepik<\/a> from <a title=\"Flaticon\" href=\"http:\/\/www.flaticon.com\">www.flaticon.com<\/a> is licensed by <a title=\"Creative Commons BY 3.0\" href=\"http:\/\/creativecommons.org\/licenses\/by\/3.0\/\" target=\"_blank\" rel=\"noopener noreferrer\">CC 3.0 BY<\/a><a title=\"Vectors Market\" href=\"http:\/\/www.flaticon.com\/authors\/vectors-market\"><br \/>\nVectors Market<\/a> from <a title=\"Flaticon\" href=\"http:\/\/www.flaticon.com\">www.flaticon.com<\/a> is licensed by <a title=\"Creative Commons BY 3.0\" href=\"http:\/\/creativecommons.org\/licenses\/by\/3.0\/\" target=\"_blank\" rel=\"noopener noreferrer\">CC 3.0 BY<\/a><a title=\"Stephen Hutchings\" href=\"http:\/\/www.flaticon.com\/authors\/stephen-hutchings\"><br \/>\nStephen Hutchings<\/a> from <a title=\"Flaticon\" href=\"http:\/\/www.flaticon.com\">www.flaticon.com<\/a> is licensed by <a title=\"Creative Commons BY 3.0\" href=\"http:\/\/creativecommons.org\/licenses\/by\/3.0\/\" target=\"_blank\" rel=\"noopener noreferrer\">CC 3.0 BY<\/a><a title=\"Yannick\" href=\"http:\/\/www.flaticon.com\/authors\/yannick\"><br \/>\nYannick<\/a> from <a title=\"Flaticon\" href=\"http:\/\/www.flaticon.com\">www.flaticon.com<\/a> is licensed by <a title=\"Creative Commons BY 3.0\" href=\"http:\/\/creativecommons.org\/licenses\/by\/3.0\/\" target=\"_blank\" rel=\"noopener noreferrer\">CC 3.0 BY<\/a>[\/vc_column_text][\/vc_column][\/vc_row]<\/p>\n<\/div>","protected":false},"excerpt":{"rendered":"<p>[vc_row type=&#8220;width_small&#8220;][vc_column][vc_column_text] Impressum Logicalgolf Global Investments GmbH Holstenstra\u00dfe 157 22765 Hamburg Deutschland Telefon: +49 (0)40 79021412 E-Mail: info@logicalgolf.com Gesch\u00e4ftsf\u00fchrer: Robert Baker Heiko Wittenfeld Handelsregister: Amtsgericht Hamburg, HRB 144894 Umsatzsteuer-Identifikationsnummer: DE 287846516 &nbsp; Die Europ\u00e4ische Kommission stellt eine Plattform zur Online-Streitbeilegung (OS) bereit, die Sie hier finden\u00a0https:\/\/ec.europa.eu\/consumers\/odr\/. Zur Teilnahme an einem Streitbeilegungsverfahren vor einer Verbraucherschlichtungsstelle sind&#8230;  <a class=\"excerpt-read-more\" href=\"https:\/\/www.logicalgolf.com\/de\/impressum\/\" title=\"Read Impressum\">Read more &raquo;<\/a><\/p>\n","protected":false},"author":343,"featured_media":0,"parent":0,"menu_order":0,"comment_status":"closed","ping_status":"closed","template":"","meta":{"_acf_changed":false,"footnotes":""},"class_list":["post-17","page","type-page","status-publish","hentry"],"acf":[],"yoast_head":"<!-- This site is optimized with the Yoast SEO plugin v26.5 - https:\/\/yoast.com\/wordpress\/plugins\/seo\/ -->\n<title>Logical Golf - Impressum<\/title>\n<meta name=\"robots\" content=\"index, follow, max-snippet:-1, max-image-preview:large, max-video-preview:-1\" \/>\n<link rel=\"canonical\" href=\"https:\/\/www.logicalgolf.com\/de\/impressum\/\" \/>\n<meta property=\"og:locale\" content=\"de_DE\" \/>\n<meta property=\"og:type\" content=\"article\" \/>\n<meta property=\"og:title\" content=\"Logical Golf - Impressum\" \/>\n<meta property=\"og:description\" content=\"[vc_row type=&#8220;width_small&#8220;][vc_column][vc_column_text] Impressum Logicalgolf Global Investments GmbH Holstenstra\u00dfe 157 22765 Hamburg Deutschland Telefon: +49 (0)40 79021412 E-Mail: info@logicalgolf.com Gesch\u00e4ftsf\u00fchrer: Robert Baker Heiko Wittenfeld Handelsregister: Amtsgericht Hamburg, HRB 144894 Umsatzsteuer-Identifikationsnummer: DE 287846516 &nbsp; Die Europ\u00e4ische Kommission stellt eine Plattform zur Online-Streitbeilegung (OS) bereit, die Sie hier finden\u00a0https:\/\/ec.europa.eu\/consumers\/odr\/. Zur Teilnahme an einem Streitbeilegungsverfahren vor einer Verbraucherschlichtungsstelle sind... Read more &raquo;\" \/>\n<meta property=\"og:url\" content=\"https:\/\/www.logicalgolf.com\/de\/impressum\/\" \/>\n<meta property=\"og:site_name\" content=\"Logical Golf\" \/>\n<meta property=\"article:publisher\" content=\"https:\/\/www.facebook.com\/logicalgolf.europe\" \/>\n<meta property=\"article:modified_time\" content=\"2021-10-25T09:43:33+00:00\" \/>\n<meta name=\"twitter:card\" content=\"summary_large_image\" \/>\n<meta name=\"twitter:site\" content=\"@logicalgolf\" \/>\n<meta name=\"twitter:label1\" content=\"Gesch\u00e4tzte Lesezeit\" \/>\n\t<meta name=\"twitter:data1\" content=\"1\u00a0Minute\" \/>\n<script type=\"application\/ld+json\" class=\"yoast-schema-graph\">{\"@context\":\"https:\/\/schema.org\",\"@graph\":[{\"@type\":\"WebPage\",\"@id\":\"https:\/\/www.logicalgolf.com\/de\/impressum\/\",\"url\":\"https:\/\/www.logicalgolf.com\/de\/impressum\/\",\"name\":\"Logical Golf - Impressum\",\"isPartOf\":{\"@id\":\"https:\/\/www.logicalgolf.com\/#website\"},\"datePublished\":\"2016-07-18T11:42:08+00:00\",\"dateModified\":\"2021-10-25T09:43:33+00:00\",\"breadcrumb\":{\"@id\":\"https:\/\/www.logicalgolf.com\/de\/impressum\/#breadcrumb\"},\"inLanguage\":\"de\",\"potentialAction\":[{\"@type\":\"ReadAction\",\"target\":[\"https:\/\/www.logicalgolf.com\/de\/impressum\/\"]}]},{\"@type\":\"BreadcrumbList\",\"@id\":\"https:\/\/www.logicalgolf.com\/de\/impressum\/#breadcrumb\",\"itemListElement\":[{\"@type\":\"ListItem\",\"position\":1,\"name\":\"Home\",\"item\":\"https:\/\/www.logicalgolf.com\/de\/\"},{\"@type\":\"ListItem\",\"position\":2,\"name\":\"Impressum\"}]},{\"@type\":\"WebSite\",\"@id\":\"https:\/\/www.logicalgolf.com\/#website\",\"url\":\"https:\/\/www.logicalgolf.com\/\",\"name\":\"Logical Golf\",\"description\":\"Bridging the Gap between Golf and Fitness\",\"publisher\":{\"@id\":\"https:\/\/www.logicalgolf.com\/#organization\"},\"potentialAction\":[{\"@type\":\"SearchAction\",\"target\":{\"@type\":\"EntryPoint\",\"urlTemplate\":\"https:\/\/www.logicalgolf.com\/?s={search_term_string}\"},\"query-input\":{\"@type\":\"PropertyValueSpecification\",\"valueRequired\":true,\"valueName\":\"search_term_string\"}}],\"inLanguage\":\"de\"},{\"@type\":\"Organization\",\"@id\":\"https:\/\/www.logicalgolf.com\/#organization\",\"name\":\"Logicalgolf\",\"url\":\"https:\/\/www.logicalgolf.com\/\",\"logo\":{\"@type\":\"ImageObject\",\"inLanguage\":\"de\",\"@id\":\"https:\/\/www.logicalgolf.com\/#\/schema\/logo\/image\/\",\"url\":\"https:\/\/www.logicalgolf.com\/wp-content\/uploads\/logicalgolf-logo-boxed.png\",\"contentUrl\":\"https:\/\/www.logicalgolf.com\/wp-content\/uploads\/logicalgolf-logo-boxed.png\",\"width\":900,\"height\":190,\"caption\":\"Logicalgolf\"},\"image\":{\"@id\":\"https:\/\/www.logicalgolf.com\/#\/schema\/logo\/image\/\"},\"sameAs\":[\"https:\/\/www.facebook.com\/logicalgolf.europe\",\"https:\/\/x.com\/logicalgolf\",\"https:\/\/www.instagram.com\/logicalgolf.official\",\"https:\/\/www.youtube.com\/user\/logicalgolf\"]}]}<\/script>\n<!-- \/ Yoast SEO plugin. -->","yoast_head_json":{"title":"Logical Golf - Impressum","robots":{"index":"index","follow":"follow","max-snippet":"max-snippet:-1","max-image-preview":"max-image-preview:large","max-video-preview":"max-video-preview:-1"},"canonical":"https:\/\/www.logicalgolf.com\/de\/impressum\/","og_locale":"de_DE","og_type":"article","og_title":"Logical Golf - Impressum","og_description":"[vc_row type=&#8220;width_small&#8220;][vc_column][vc_column_text] Impressum Logicalgolf Global Investments GmbH Holstenstra\u00dfe 157 22765 Hamburg Deutschland Telefon: +49 (0)40 79021412 E-Mail: info@logicalgolf.com Gesch\u00e4ftsf\u00fchrer: Robert Baker Heiko Wittenfeld Handelsregister: Amtsgericht Hamburg, HRB 144894 Umsatzsteuer-Identifikationsnummer: DE 287846516 &nbsp; Die Europ\u00e4ische Kommission stellt eine Plattform zur Online-Streitbeilegung (OS) bereit, die Sie hier finden\u00a0https:\/\/ec.europa.eu\/consumers\/odr\/. Zur Teilnahme an einem Streitbeilegungsverfahren vor einer Verbraucherschlichtungsstelle sind... Read more &raquo;","og_url":"https:\/\/www.logicalgolf.com\/de\/impressum\/","og_site_name":"Logical Golf","article_publisher":"https:\/\/www.facebook.com\/logicalgolf.europe","article_modified_time":"2021-10-25T09:43:33+00:00","twitter_card":"summary_large_image","twitter_site":"@logicalgolf","twitter_misc":{"Gesch\u00e4tzte Lesezeit":"1\u00a0Minute"},"schema":{"@context":"https:\/\/schema.org","@graph":[{"@type":"WebPage","@id":"https:\/\/www.logicalgolf.com\/de\/impressum\/","url":"https:\/\/www.logicalgolf.com\/de\/impressum\/","name":"Logical Golf - Impressum","isPartOf":{"@id":"https:\/\/www.logicalgolf.com\/#website"},"datePublished":"2016-07-18T11:42:08+00:00","dateModified":"2021-10-25T09:43:33+00:00","breadcrumb":{"@id":"https:\/\/www.logicalgolf.com\/de\/impressum\/#breadcrumb"},"inLanguage":"de","potentialAction":[{"@type":"ReadAction","target":["https:\/\/www.logicalgolf.com\/de\/impressum\/"]}]},{"@type":"BreadcrumbList","@id":"https:\/\/www.logicalgolf.com\/de\/impressum\/#breadcrumb","itemListElement":[{"@type":"ListItem","position":1,"name":"Home","item":"https:\/\/www.logicalgolf.com\/de\/"},{"@type":"ListItem","position":2,"name":"Impressum"}]},{"@type":"WebSite","@id":"https:\/\/www.logicalgolf.com\/#website","url":"https:\/\/www.logicalgolf.com\/","name":"Logical Golf","description":"Bridging the Gap between Golf and Fitness","publisher":{"@id":"https:\/\/www.logicalgolf.com\/#organization"},"potentialAction":[{"@type":"SearchAction","target":{"@type":"EntryPoint","urlTemplate":"https:\/\/www.logicalgolf.com\/?s={search_term_string}"},"query-input":{"@type":"PropertyValueSpecification","valueRequired":true,"valueName":"search_term_string"}}],"inLanguage":"de"},{"@type":"Organization","@id":"https:\/\/www.logicalgolf.com\/#organization","name":"Logicalgolf","url":"https:\/\/www.logicalgolf.com\/","logo":{"@type":"ImageObject","inLanguage":"de","@id":"https:\/\/www.logicalgolf.com\/#\/schema\/logo\/image\/","url":"https:\/\/www.logicalgolf.com\/wp-content\/uploads\/logicalgolf-logo-boxed.png","contentUrl":"https:\/\/www.logicalgolf.com\/wp-content\/uploads\/logicalgolf-logo-boxed.png","width":900,"height":190,"caption":"Logicalgolf"},"image":{"@id":"https:\/\/www.logicalgolf.com\/#\/schema\/logo\/image\/"},"sameAs":["https:\/\/www.facebook.com\/logicalgolf.europe","https:\/\/x.com\/logicalgolf","https:\/\/www.instagram.com\/logicalgolf.official","https:\/\/www.youtube.com\/user\/logicalgolf"]}]}},"_links":{"self":[{"href":"https:\/\/www.logicalgolf.com\/de\/wp-json\/wp\/v2\/pages\/17","targetHints":{"allow":["GET"]}}],"collection":[{"href":"https:\/\/www.logicalgolf.com\/de\/wp-json\/wp\/v2\/pages"}],"about":[{"href":"https:\/\/www.logicalgolf.com\/de\/wp-json\/wp\/v2\/types\/page"}],"author":[{"embeddable":true,"href":"https:\/\/www.logicalgolf.com\/de\/wp-json\/wp\/v2\/users\/343"}],"replies":[{"embeddable":true,"href":"https:\/\/www.logicalgolf.com\/de\/wp-json\/wp\/v2\/comments?post=17"}],"version-history":[{"count":0,"href":"https:\/\/www.logicalgolf.com\/de\/wp-json\/wp\/v2\/pages\/17\/revisions"}],"wp:attachment":[{"href":"https:\/\/www.logicalgolf.com\/de\/wp-json\/wp\/v2\/media?parent=17"}],"curies":[{"name":"wp","href":"https:\/\/api.w.org\/{rel}","templated":true}]}}